{"id":8873,"date":"2025-01-08T12:44:27","date_gmt":"2025-01-08T11:44:27","guid":{"rendered":"https:\/\/arkitekttychsen.dk\/energie-rahmen\/"},"modified":"2025-02-11T12:57:25","modified_gmt":"2025-02-11T11:57:25","slug":"energie-rahmen","status":"publish","type":"page","link":"https:\/\/arkitekttychsen.dk\/de\/energie-rahmen\/","title":{"rendered":"Energie-Rahmen"},"content":{"rendered":"\t\t<div data-elementor-type=\"wp-page\" data-elementor-id=\"8873\" class=\"elementor elementor-8873 elementor-8843\" data-elementor-post-type=\"page\">\n\t\t\t\t<div class=\"elementor-element elementor-element-5795acc white e-flex e-con-boxed e-con e-parent\" data-id=\"5795acc\" data-element_type=\"container\" data-e-type=\"container\" data-settings=\"{&quot;background_background&quot;:&quot;classic&quot;}\">\n\t\t\t\t\t<div class=\"e-con-inner\">\n\t\t\t\t<div class=\"elementor-element elementor-element-0cb140b elementor-widget elementor-widget-text-editor\" data-id=\"0cb140b\" data-element_type=\"widget\" data-e-type=\"widget\" data-widget_type=\"text-editor.default\">\n\t\t\t\t<div class=\"elementor-widget-container\">\n\t\t\t\t\t\t\t\t\t<p>Ein Energieetikett ist ein Dokument, das Informationen \u00fcber den energetischen Zustand einer Immobilie enth\u00e4lt und beim Verkauf von Wohn- und bestimmten Gewerbeimmobilien gesetzlich vorgeschrieben ist.<\/p>\n\t\t\t\t\t\t\t\t<\/div>\n\t\t\t\t<\/div>\n\t\t\t\t<div class=\"elementor-element elementor-element-6736bed elementor-icon-list--layout-inline elementor-align-center elementor-list-item-link-full_width elementor-widget elementor-widget-icon-list\" data-id=\"6736bed\" data-element_type=\"widget\" data-e-type=\"widget\" data-widget_type=\"icon-list.default\">\n\t\t\t\t<div class=\"elementor-widget-container\">\n\t\t\t\t\t\t\t<ul class=\"elementor-icon-list-items elementor-inline-items\">\n\t\t\t\t\t\t\t<li class=\"elementor-icon-list-item elementor-inline-item\">\n\t\t\t\t\t\t\t\t\t\t\t<a href=\"tel:93206030\">\n\n\t\t\t\t\t\t\t\t\t\t\t<span class=\"elementor-icon-list-text\">(+45) 93 20 60 30<\/span>\n\t\t\t\t\t\t\t\t\t\t\t<\/a>\n\t\t\t\t\t\t\t\t\t<\/li>\n\t\t\t\t\t\t\t\t<li class=\"elementor-icon-list-item elementor-inline-item\">\n\t\t\t\t\t\t\t\t\t\t\t<a href=\"mailto:et@arkitekttychsen.dk\">\n\n\t\t\t\t\t\t\t\t\t\t\t<span class=\"elementor-icon-list-text\">et@arkitekttychsen.dk<\/span>\n\t\t\t\t\t\t\t\t\t\t\t<\/a>\n\t\t\t\t\t\t\t\t\t<\/li>\n\t\t\t\t\t\t<\/ul>\n\t\t\t\t\t\t<\/div>\n\t\t\t\t<\/div>\n\t\t\t\t\t<\/div>\n\t\t\t\t<\/div>\n\t\t<div class=\"elementor-element elementor-element-dced049 e-flex e-con-boxed e-con e-parent\" data-id=\"dced049\" data-element_type=\"container\" data-e-type=\"container\">\n\t\t\t\t\t<div class=\"e-con-inner\">\n\t\t\t\t<div class=\"elementor-element elementor-element-b2bc1d3 elementor-widget elementor-widget-text-editor\" data-id=\"b2bc1d3\" data-element_type=\"widget\" data-e-type=\"widget\" data-widget_type=\"text-editor.default\">\n\t\t\t\t<div class=\"elementor-widget-container\">\n\t\t\t\t\t\t\t\t\t<h2>Die Energieetikettierung hat zwei Ziele<\/h2>\n<ul>\n<li>Die Kennzeichnung soll den Energieverbrauch des Geb\u00e4udes sichtbar machen und als Produktdeklaration dienen, wenn ein Geb\u00e4ude verkauft oder vermietet wird.<\/li>\n<li>Die Kennzeichnung sollte einen \u00dcberblick \u00fcber energetische Verbesserungen geben, deren Umsetzung sich lohnt: Welche das sind, was sie kosten und wie hoch die Einsparungen bei den Strom- und Heizkosten sein k\u00f6nnen.<\/li>\n<\/ul>\n<div>Das Energielabel kann auch zur<span style=\"text-align: var(--text-align); background-color: var(--white); color: var(--text);\">Bemessung der Gr\u00f6\u00dfe einer neuen W\u00e4rmepumpe verwendet werden, da eine W\u00e4rmepumpe weder zu klein noch zu gro\u00df sein darf, um energieeffizient zu sein.<\/span><\/div>\n<div>Optimierung der nachtr\u00e4glichen D\u00e4mmung, d.h. was lohnt sich f\u00fcr eine Nachr\u00fcstung.<\/div>\n<div>Zur Optimierung der W\u00e4rmepumpe incl. nachtr\u00e4gliche Isolierung auf der Grundlage einer Gesamtbewertung.<\/div>\n<div>&nbsp;<\/div>\n<div>&nbsp;<\/div>\t\t\t\t\t\t\t\t<\/div>\n\t\t\t\t<\/div>\n\t\t<div class=\"elementor-element elementor-element-0c4178c e-con-full e-flex e-con e-child\" data-id=\"0c4178c\" data-element_type=\"container\" data-e-type=\"container\">\n\t\t\t\t<div class=\"elementor-element elementor-element-8a9f206 dark elementor-widget elementor-widget-sidebar\" data-id=\"8a9f206\" data-element_type=\"widget\" data-e-type=\"widget\" data-widget_type=\"sidebar.default\">\n\t\t\t\t<div class=\"elementor-widget-container\">\n\t\t\t\t\t<aside id=\"text-10\" class=\"widget-odd widget-first widget-1 widget inner-padding widget_text\"><h2 class=\"widget-title\">Vil du h\u00f8re mere?<\/h2>\t\t\t<div class=\"textwidget\"><p>Udfyld formularen og vi kontakter dig hurtigst muligt.<\/p>\n<\/div>\n\t\t<\/aside><aside id=\"forminator_widget-2\" class=\"widget-even widget-last widget-2 widget inner-padding widget_forminator_widget\"><form id=\"forminator-module-199\" class=\"forminator-custom-form forminator-custom-form-199\" method=\"post\" data-forminator-render=\"0\" data-uid=\"69f1c86786708\"><div role=\"alert\" aria-live=\"polite\" class=\"forminator-response-message forminator-error\" aria-hidden=\"true\"><\/div><\/form><\/aside>\t\t\t\t<\/div>\n\t\t\t\t<\/div>\n\t\t\t\t<\/div>\n\t\t\t\t\t<\/div>\n\t\t\t\t<\/div>\n\t\t\t\t<\/div>\n\t\t","protected":false},"excerpt":{"rendered":"<p>Ein Energieetikett ist ein Dokument, das Informationen \u00fcber den energetischen Zustand einer Immobilie enth\u00e4lt und beim Verkauf von Wohn- und bestimmten Gewerbeimmobilien gesetzlich vorgeschrieben ist. (+45) 93 20 60 30 et@arkitekttychsen.dk Die Energieetikettierung hat zwei Ziele Die Kennzeichnung soll den Energieverbrauch des Geb\u00e4udes sichtbar machen und als Produktdeklaration dienen, wenn ein Geb\u00e4ude verkauft oder vermietet &#8230; <a title=\"Energie-Rahmen\" class=\"read-more\" href=\"https:\/\/arkitekttychsen.dk\/de\/energie-rahmen\/\" aria-label=\"Mehr Informationen \u00fcber Energie-Rahmen\">Weiterlesen &#8230;<\/a><\/p>\n","protected":false},"author":9,"featured_media":0,"parent":0,"menu_order":0,"comment_status":"closed","ping_status":"closed","template":"","meta":{"_acf_changed":false,"footnotes":""},"categories":[],"class_list":["post-8873","page","type-page","status-publish"],"acf":[],"yoast_head":"<!-- This site is optimized with the Yoast SEO plugin v27.5 - https:\/\/yoast.com\/product\/yoast-seo-wordpress\/ -->\n<title>Energie-Rahmen | Arkitektfirmaet Tychsen<\/title>\n<meta name=\"robots\" content=\"index, follow, max-snippet:-1, max-image-preview:large, max-video-preview:-1\" \/>\n<link rel=\"canonical\" href=\"https:\/\/arkitekttychsen.dk\/de\/energie-rahmen\/\" \/>\n<meta property=\"og:locale\" content=\"de_DE\" \/>\n<meta property=\"og:type\" content=\"article\" \/>\n<meta property=\"og:title\" content=\"Energie-Rahmen | Arkitektfirmaet Tychsen\" \/>\n<meta property=\"og:description\" content=\"Ein Energieetikett ist ein Dokument, das Informationen \u00fcber den energetischen Zustand einer Immobilie enth\u00e4lt und beim Verkauf von Wohn- und bestimmten Gewerbeimmobilien gesetzlich vorgeschrieben ist. (+45) 93 20 60 30 et@arkitekttychsen.dk Die Energieetikettierung hat zwei Ziele Die Kennzeichnung soll den Energieverbrauch des Geb\u00e4udes sichtbar machen und als Produktdeklaration dienen, wenn ein Geb\u00e4ude verkauft oder vermietet ... Weiterlesen ...\" \/>\n<meta property=\"og:url\" content=\"https:\/\/arkitekttychsen.dk\/de\/energie-rahmen\/\" \/>\n<meta property=\"og:site_name\" content=\"Arkitektfirmaet Tychsen\" \/>\n<meta property=\"article:modified_time\" content=\"2025-02-11T11:57:25+00:00\" \/>\n<meta name=\"twitter:card\" content=\"summary_large_image\" \/>\n<meta name=\"twitter:label1\" content=\"Gesch\u00e4tzte Lesezeit\" \/>\n\t<meta name=\"twitter:data1\" content=\"1\u00a0Minute\" \/>\n<script type=\"application\/ld+json\" class=\"yoast-schema-graph\">{\"@context\":\"https:\\\/\\\/schema.org\",\"@graph\":[{\"@type\":\"WebPage\",\"@id\":\"https:\\\/\\\/arkitekttychsen.dk\\\/de\\\/energie-rahmen\\\/\",\"url\":\"https:\\\/\\\/arkitekttychsen.dk\\\/de\\\/energie-rahmen\\\/\",\"name\":\"Energie-Rahmen | Arkitektfirmaet Tychsen\",\"isPartOf\":{\"@id\":\"https:\\\/\\\/arkitekttychsen.dk\\\/#website\"},\"datePublished\":\"2025-01-08T11:44:27+00:00\",\"dateModified\":\"2025-02-11T11:57:25+00:00\",\"breadcrumb\":{\"@id\":\"https:\\\/\\\/arkitekttychsen.dk\\\/de\\\/energie-rahmen\\\/#breadcrumb\"},\"inLanguage\":\"de\",\"potentialAction\":[{\"@type\":\"ReadAction\",\"target\":[\"https:\\\/\\\/arkitekttychsen.dk\\\/de\\\/energie-rahmen\\\/\"]}]},{\"@type\":\"BreadcrumbList\",\"@id\":\"https:\\\/\\\/arkitekttychsen.dk\\\/de\\\/energie-rahmen\\\/#breadcrumb\",\"itemListElement\":[{\"@type\":\"ListItem\",\"position\":1,\"name\":\"Forside\",\"item\":\"https:\\\/\\\/arkitekttychsen.dk\\\/de\\\/forside\\\/\"},{\"@type\":\"ListItem\",\"position\":2,\"name\":\"Energie-Rahmen\"}]},{\"@type\":\"WebSite\",\"@id\":\"https:\\\/\\\/arkitekttychsen.dk\\\/#website\",\"url\":\"https:\\\/\\\/arkitekttychsen.dk\\\/\",\"name\":\"Arkitektfirmaet Tychsen\",\"description\":\"Energim\u00e6rkning, tilstandsrapport, byggesagkyndig og arkitekt i S\u00f8nderborg\",\"potentialAction\":[{\"@type\":\"SearchAction\",\"target\":{\"@type\":\"EntryPoint\",\"urlTemplate\":\"https:\\\/\\\/arkitekttychsen.dk\\\/?s={search_term_string}\"},\"query-input\":{\"@type\":\"PropertyValueSpecification\",\"valueRequired\":true,\"valueName\":\"search_term_string\"}}],\"inLanguage\":\"de\"}]}<\/script>\n<!-- \/ Yoast SEO plugin. -->","yoast_head_json":{"title":"Energie-Rahmen | Arkitektfirmaet Tychsen","robots":{"index":"index","follow":"follow","max-snippet":"max-snippet:-1","max-image-preview":"max-image-preview:large","max-video-preview":"max-video-preview:-1"},"canonical":"https:\/\/arkitekttychsen.dk\/de\/energie-rahmen\/","og_locale":"de_DE","og_type":"article","og_title":"Energie-Rahmen | Arkitektfirmaet Tychsen","og_description":"Ein Energieetikett ist ein Dokument, das Informationen \u00fcber den energetischen Zustand einer Immobilie enth\u00e4lt und beim Verkauf von Wohn- und bestimmten Gewerbeimmobilien gesetzlich vorgeschrieben ist. (+45) 93 20 60 30 et@arkitekttychsen.dk Die Energieetikettierung hat zwei Ziele Die Kennzeichnung soll den Energieverbrauch des Geb\u00e4udes sichtbar machen und als Produktdeklaration dienen, wenn ein Geb\u00e4ude verkauft oder vermietet ... Weiterlesen ...","og_url":"https:\/\/arkitekttychsen.dk\/de\/energie-rahmen\/","og_site_name":"Arkitektfirmaet Tychsen","article_modified_time":"2025-02-11T11:57:25+00:00","twitter_card":"summary_large_image","twitter_misc":{"Gesch\u00e4tzte Lesezeit":"1\u00a0Minute"},"schema":{"@context":"https:\/\/schema.org","@graph":[{"@type":"WebPage","@id":"https:\/\/arkitekttychsen.dk\/de\/energie-rahmen\/","url":"https:\/\/arkitekttychsen.dk\/de\/energie-rahmen\/","name":"Energie-Rahmen | Arkitektfirmaet Tychsen","isPartOf":{"@id":"https:\/\/arkitekttychsen.dk\/#website"},"datePublished":"2025-01-08T11:44:27+00:00","dateModified":"2025-02-11T11:57:25+00:00","breadcrumb":{"@id":"https:\/\/arkitekttychsen.dk\/de\/energie-rahmen\/#breadcrumb"},"inLanguage":"de","potentialAction":[{"@type":"ReadAction","target":["https:\/\/arkitekttychsen.dk\/de\/energie-rahmen\/"]}]},{"@type":"BreadcrumbList","@id":"https:\/\/arkitekttychsen.dk\/de\/energie-rahmen\/#breadcrumb","itemListElement":[{"@type":"ListItem","position":1,"name":"Forside","item":"https:\/\/arkitekttychsen.dk\/de\/forside\/"},{"@type":"ListItem","position":2,"name":"Energie-Rahmen"}]},{"@type":"WebSite","@id":"https:\/\/arkitekttychsen.dk\/#website","url":"https:\/\/arkitekttychsen.dk\/","name":"Arkitektfirmaet Tychsen","description":"Energim\u00e6rkning, tilstandsrapport, byggesagkyndig og arkitekt i S\u00f8nderborg","potentialAction":[{"@type":"SearchAction","target":{"@type":"EntryPoint","urlTemplate":"https:\/\/arkitekttychsen.dk\/?s={search_term_string}"},"query-input":{"@type":"PropertyValueSpecification","valueRequired":true,"valueName":"search_term_string"}}],"inLanguage":"de"}]}},"_links":{"self":[{"href":"https:\/\/arkitekttychsen.dk\/de\/wp-json\/wp\/v2\/pages\/8873","targetHints":{"allow":["GET"]}}],"collection":[{"href":"https:\/\/arkitekttychsen.dk\/de\/wp-json\/wp\/v2\/pages"}],"about":[{"href":"https:\/\/arkitekttychsen.dk\/de\/wp-json\/wp\/v2\/types\/page"}],"author":[{"embeddable":true,"href":"https:\/\/arkitekttychsen.dk\/de\/wp-json\/wp\/v2\/users\/9"}],"replies":[{"embeddable":true,"href":"https:\/\/arkitekttychsen.dk\/de\/wp-json\/wp\/v2\/comments?post=8873"}],"version-history":[{"count":1,"href":"https:\/\/arkitekttychsen.dk\/de\/wp-json\/wp\/v2\/pages\/8873\/revisions"}],"predecessor-version":[{"id":8875,"href":"https:\/\/arkitekttychsen.dk\/de\/wp-json\/wp\/v2\/pages\/8873\/revisions\/8875"}],"wp:attachment":[{"href":"https:\/\/arkitekttychsen.dk\/de\/wp-json\/wp\/v2\/media?parent=8873"}],"wp:term":[{"taxonomy":"category","embeddable":true,"href":"https:\/\/arkitekttychsen.dk\/de\/wp-json\/wp\/v2\/categories?post=8873"}],"curies":[{"name":"wp","href":"https:\/\/api.w.org\/{rel}","templated":true}]}}