{"id":8877,"date":"2024-02-26T13:17:59","date_gmt":"2024-02-26T12:17:59","guid":{"rendered":"https:\/\/arkitekttychsen.dk\/kaufberatung\/"},"modified":"2025-02-11T12:57:44","modified_gmt":"2025-02-11T11:57:44","slug":"kaufberatung","status":"publish","type":"page","link":"https:\/\/arkitekttychsen.dk\/de\/kaufberatung\/","title":{"rendered":"Kaufberatung"},"content":{"rendered":"\t\t<div data-elementor-type=\"wp-page\" data-elementor-id=\"8877\" class=\"elementor elementor-8877 elementor-8474\" data-elementor-post-type=\"page\">\n\t\t\t\t<div class=\"elementor-element elementor-element-3deba3ff white e-flex e-con-boxed e-con e-parent\" data-id=\"3deba3ff\" data-element_type=\"container\" data-e-type=\"container\" data-settings=\"{&quot;background_background&quot;:&quot;classic&quot;}\">\n\t\t\t\t\t<div class=\"e-con-inner\">\n\t\t\t\t<div class=\"elementor-element elementor-element-1c88b7b7 elementor-widget elementor-widget-text-editor\" data-id=\"1c88b7b7\" data-element_type=\"widget\" data-e-type=\"widget\" data-widget_type=\"text-editor.default\">\n\t\t\t\t<div class=\"elementor-widget-container\">\n\t\t\t\t\t\t\t\t\t<p>Wir glauben, dass Dialog Vertrauen schafft und Vertrauen schafft Werte.<\/p>\n\t\t\t\t\t\t\t\t<\/div>\n\t\t\t\t<\/div>\n\t\t\t\t<div class=\"elementor-element elementor-element-4df6e8fc elementor-icon-list--layout-inline elementor-align-center elementor-list-item-link-full_width elementor-widget elementor-widget-icon-list\" data-id=\"4df6e8fc\" data-element_type=\"widget\" data-e-type=\"widget\" data-widget_type=\"icon-list.default\">\n\t\t\t\t<div class=\"elementor-widget-container\">\n\t\t\t\t\t\t\t<ul class=\"elementor-icon-list-items elementor-inline-items\">\n\t\t\t\t\t\t\t<li class=\"elementor-icon-list-item elementor-inline-item\">\n\t\t\t\t\t\t\t\t\t\t\t<a href=\"tel:93206030\">\n\n\t\t\t\t\t\t\t\t\t\t\t<span class=\"elementor-icon-list-text\">(+45) 93 20 60 30<\/span>\n\t\t\t\t\t\t\t\t\t\t\t<\/a>\n\t\t\t\t\t\t\t\t\t<\/li>\n\t\t\t\t\t\t\t\t<li class=\"elementor-icon-list-item elementor-inline-item\">\n\t\t\t\t\t\t\t\t\t\t\t<a href=\"mailto:et@arkitekttychsen.dk\">\n\n\t\t\t\t\t\t\t\t\t\t\t<span class=\"elementor-icon-list-text\">et@arkitekttychsen.dk<\/span>\n\t\t\t\t\t\t\t\t\t\t\t<\/a>\n\t\t\t\t\t\t\t\t\t<\/li>\n\t\t\t\t\t\t<\/ul>\n\t\t\t\t\t\t<\/div>\n\t\t\t\t<\/div>\n\t\t\t\t\t<\/div>\n\t\t\t\t<\/div>\n\t\t<div class=\"elementor-element elementor-element-318b48d8 e-flex e-con-boxed e-con e-parent\" data-id=\"318b48d8\" data-element_type=\"container\" data-e-type=\"container\">\n\t\t\t\t\t<div class=\"e-con-inner\">\n\t\t<div class=\"elementor-element elementor-element-6fd249d7 e-con-full e-flex e-con e-child\" data-id=\"6fd249d7\" data-element_type=\"container\" data-e-type=\"container\">\n\t\t\t\t<div class=\"elementor-element elementor-element-3c309ef4 elementor-widget elementor-widget-text-editor\" data-id=\"3c309ef4\" data-element_type=\"widget\" data-e-type=\"widget\" data-widget_type=\"text-editor.default\">\n\t\t\t\t<div class=\"elementor-widget-container\">\n\t\t\t\t\t\t\t\t\t<h2>Wir k\u00f6nnen den K\u00e4ufer beraten und uns einen besseren \u00dcberblick \u00fcber den Zustand des Hauses verschaffen<\/h2>\n<p>Dies kann Ihnen helfen, die richtige Entscheidung beim Kauf eines Hauses oder bei der Preisverhandlung zu treffen.<\/p>\n<p>Wir gehen mit Ihnen das Haus durch und ber\u00fccksichtigen dabei die verf\u00fcgbaren Geb\u00e4udeberichte.<\/p>\n\t\t\t\t\t\t\t\t<\/div>\n\t\t\t\t<\/div>\n\t\t\t\t<\/div>\n\t\t<div class=\"elementor-element elementor-element-6923bd69 e-con-full e-flex e-con e-child\" data-id=\"6923bd69\" data-element_type=\"container\" data-e-type=\"container\">\n\t\t\t\t<div class=\"elementor-element elementor-element-65bd7fe dark elementor-widget elementor-widget-sidebar\" data-id=\"65bd7fe\" data-element_type=\"widget\" data-e-type=\"widget\" data-widget_type=\"sidebar.default\">\n\t\t\t\t<div class=\"elementor-widget-container\">\n\t\t\t\t\t<aside id=\"text-10\" class=\"widget-odd widget-first widget-1 widget inner-padding widget_text\"><h2 class=\"widget-title\">Vil du h\u00f8re mere?<\/h2>\t\t\t<div class=\"textwidget\"><p>Udfyld formularen og vi kontakter dig hurtigst muligt.<\/p>\n<\/div>\n\t\t<\/aside><aside id=\"forminator_widget-2\" class=\"widget-even widget-last widget-2 widget inner-padding widget_forminator_widget\"><form id=\"forminator-module-199\" class=\"forminator-custom-form forminator-custom-form-199\" method=\"post\" data-forminator-render=\"0\" data-uid=\"69f1c89d573b0\"><div role=\"alert\" aria-live=\"polite\" class=\"forminator-response-message forminator-error\" aria-hidden=\"true\"><\/div><\/form><\/aside>\t\t\t\t<\/div>\n\t\t\t\t<\/div>\n\t\t\t\t<\/div>\n\t\t\t\t\t<\/div>\n\t\t\t\t<\/div>\n\t\t\t\t<\/div>\n\t\t","protected":false},"excerpt":{"rendered":"<p>Wir glauben, dass Dialog Vertrauen schafft und Vertrauen schafft Werte. (+45) 93 20 60 30 et@arkitekttychsen.dk Wir k\u00f6nnen den K\u00e4ufer beraten und uns einen besseren \u00dcberblick \u00fcber den Zustand des Hauses verschaffen Dies kann Ihnen helfen, die richtige Entscheidung beim Kauf eines Hauses oder bei der Preisverhandlung zu treffen. Wir gehen mit Ihnen das Haus &#8230; <a title=\"Kaufberatung\" class=\"read-more\" href=\"https:\/\/arkitekttychsen.dk\/de\/kaufberatung\/\" aria-label=\"Mehr Informationen \u00fcber Kaufberatung\">Weiterlesen &#8230;<\/a><\/p>\n","protected":false},"author":9,"featured_media":0,"parent":0,"menu_order":0,"comment_status":"closed","ping_status":"closed","template":"","meta":{"_acf_changed":false,"footnotes":""},"categories":[],"class_list":["post-8877","page","type-page","status-publish"],"acf":[],"yoast_head":"<!-- This site is optimized with the Yoast SEO plugin v27.5 - https:\/\/yoast.com\/product\/yoast-seo-wordpress\/ -->\n<title>Kaufberatung | Arkitektfirmaet Tychsen<\/title>\n<meta name=\"robots\" content=\"index, follow, max-snippet:-1, max-image-preview:large, max-video-preview:-1\" \/>\n<link rel=\"canonical\" href=\"https:\/\/arkitekttychsen.dk\/de\/kaufberatung\/\" \/>\n<meta property=\"og:locale\" content=\"de_DE\" \/>\n<meta property=\"og:type\" content=\"article\" \/>\n<meta property=\"og:title\" content=\"Kaufberatung | Arkitektfirmaet Tychsen\" \/>\n<meta property=\"og:description\" content=\"Wir glauben, dass Dialog Vertrauen schafft und Vertrauen schafft Werte. (+45) 93 20 60 30 et@arkitekttychsen.dk Wir k\u00f6nnen den K\u00e4ufer beraten und uns einen besseren \u00dcberblick \u00fcber den Zustand des Hauses verschaffen Dies kann Ihnen helfen, die richtige Entscheidung beim Kauf eines Hauses oder bei der Preisverhandlung zu treffen. Wir gehen mit Ihnen das Haus ... Weiterlesen ...\" \/>\n<meta property=\"og:url\" content=\"https:\/\/arkitekttychsen.dk\/de\/kaufberatung\/\" \/>\n<meta property=\"og:site_name\" content=\"Arkitektfirmaet Tychsen\" \/>\n<meta property=\"article:modified_time\" content=\"2025-02-11T11:57:44+00:00\" \/>\n<meta name=\"twitter:card\" content=\"summary_large_image\" \/>\n<script type=\"application\/ld+json\" class=\"yoast-schema-graph\">{\"@context\":\"https:\\\/\\\/schema.org\",\"@graph\":[{\"@type\":\"WebPage\",\"@id\":\"https:\\\/\\\/arkitekttychsen.dk\\\/de\\\/kaufberatung\\\/\",\"url\":\"https:\\\/\\\/arkitekttychsen.dk\\\/de\\\/kaufberatung\\\/\",\"name\":\"Kaufberatung | Arkitektfirmaet Tychsen\",\"isPartOf\":{\"@id\":\"https:\\\/\\\/arkitekttychsen.dk\\\/#website\"},\"datePublished\":\"2024-02-26T12:17:59+00:00\",\"dateModified\":\"2025-02-11T11:57:44+00:00\",\"breadcrumb\":{\"@id\":\"https:\\\/\\\/arkitekttychsen.dk\\\/de\\\/kaufberatung\\\/#breadcrumb\"},\"inLanguage\":\"de\",\"potentialAction\":[{\"@type\":\"ReadAction\",\"target\":[\"https:\\\/\\\/arkitekttychsen.dk\\\/de\\\/kaufberatung\\\/\"]}]},{\"@type\":\"BreadcrumbList\",\"@id\":\"https:\\\/\\\/arkitekttychsen.dk\\\/de\\\/kaufberatung\\\/#breadcrumb\",\"itemListElement\":[{\"@type\":\"ListItem\",\"position\":1,\"name\":\"Forside\",\"item\":\"https:\\\/\\\/arkitekttychsen.dk\\\/de\\\/forside\\\/\"},{\"@type\":\"ListItem\",\"position\":2,\"name\":\"Kaufberatung\"}]},{\"@type\":\"WebSite\",\"@id\":\"https:\\\/\\\/arkitekttychsen.dk\\\/#website\",\"url\":\"https:\\\/\\\/arkitekttychsen.dk\\\/\",\"name\":\"Arkitektfirmaet Tychsen\",\"description\":\"Energim\u00e6rkning, tilstandsrapport, byggesagkyndig og arkitekt i S\u00f8nderborg\",\"potentialAction\":[{\"@type\":\"SearchAction\",\"target\":{\"@type\":\"EntryPoint\",\"urlTemplate\":\"https:\\\/\\\/arkitekttychsen.dk\\\/?s={search_term_string}\"},\"query-input\":{\"@type\":\"PropertyValueSpecification\",\"valueRequired\":true,\"valueName\":\"search_term_string\"}}],\"inLanguage\":\"de\"}]}<\/script>\n<!-- \/ Yoast SEO plugin. -->","yoast_head_json":{"title":"Kaufberatung | Arkitektfirmaet Tychsen","robots":{"index":"index","follow":"follow","max-snippet":"max-snippet:-1","max-image-preview":"max-image-preview:large","max-video-preview":"max-video-preview:-1"},"canonical":"https:\/\/arkitekttychsen.dk\/de\/kaufberatung\/","og_locale":"de_DE","og_type":"article","og_title":"Kaufberatung | Arkitektfirmaet Tychsen","og_description":"Wir glauben, dass Dialog Vertrauen schafft und Vertrauen schafft Werte. (+45) 93 20 60 30 et@arkitekttychsen.dk Wir k\u00f6nnen den K\u00e4ufer beraten und uns einen besseren \u00dcberblick \u00fcber den Zustand des Hauses verschaffen Dies kann Ihnen helfen, die richtige Entscheidung beim Kauf eines Hauses oder bei der Preisverhandlung zu treffen. Wir gehen mit Ihnen das Haus ... Weiterlesen ...","og_url":"https:\/\/arkitekttychsen.dk\/de\/kaufberatung\/","og_site_name":"Arkitektfirmaet Tychsen","article_modified_time":"2025-02-11T11:57:44+00:00","twitter_card":"summary_large_image","schema":{"@context":"https:\/\/schema.org","@graph":[{"@type":"WebPage","@id":"https:\/\/arkitekttychsen.dk\/de\/kaufberatung\/","url":"https:\/\/arkitekttychsen.dk\/de\/kaufberatung\/","name":"Kaufberatung | Arkitektfirmaet Tychsen","isPartOf":{"@id":"https:\/\/arkitekttychsen.dk\/#website"},"datePublished":"2024-02-26T12:17:59+00:00","dateModified":"2025-02-11T11:57:44+00:00","breadcrumb":{"@id":"https:\/\/arkitekttychsen.dk\/de\/kaufberatung\/#breadcrumb"},"inLanguage":"de","potentialAction":[{"@type":"ReadAction","target":["https:\/\/arkitekttychsen.dk\/de\/kaufberatung\/"]}]},{"@type":"BreadcrumbList","@id":"https:\/\/arkitekttychsen.dk\/de\/kaufberatung\/#breadcrumb","itemListElement":[{"@type":"ListItem","position":1,"name":"Forside","item":"https:\/\/arkitekttychsen.dk\/de\/forside\/"},{"@type":"ListItem","position":2,"name":"Kaufberatung"}]},{"@type":"WebSite","@id":"https:\/\/arkitekttychsen.dk\/#website","url":"https:\/\/arkitekttychsen.dk\/","name":"Arkitektfirmaet Tychsen","description":"Energim\u00e6rkning, tilstandsrapport, byggesagkyndig og arkitekt i S\u00f8nderborg","potentialAction":[{"@type":"SearchAction","target":{"@type":"EntryPoint","urlTemplate":"https:\/\/arkitekttychsen.dk\/?s={search_term_string}"},"query-input":{"@type":"PropertyValueSpecification","valueRequired":true,"valueName":"search_term_string"}}],"inLanguage":"de"}]}},"_links":{"self":[{"href":"https:\/\/arkitekttychsen.dk\/de\/wp-json\/wp\/v2\/pages\/8877","targetHints":{"allow":["GET"]}}],"collection":[{"href":"https:\/\/arkitekttychsen.dk\/de\/wp-json\/wp\/v2\/pages"}],"about":[{"href":"https:\/\/arkitekttychsen.dk\/de\/wp-json\/wp\/v2\/types\/page"}],"author":[{"embeddable":true,"href":"https:\/\/arkitekttychsen.dk\/de\/wp-json\/wp\/v2\/users\/9"}],"replies":[{"embeddable":true,"href":"https:\/\/arkitekttychsen.dk\/de\/wp-json\/wp\/v2\/comments?post=8877"}],"version-history":[{"count":1,"href":"https:\/\/arkitekttychsen.dk\/de\/wp-json\/wp\/v2\/pages\/8877\/revisions"}],"predecessor-version":[{"id":8885,"href":"https:\/\/arkitekttychsen.dk\/de\/wp-json\/wp\/v2\/pages\/8877\/revisions\/8885"}],"wp:attachment":[{"href":"https:\/\/arkitekttychsen.dk\/de\/wp-json\/wp\/v2\/media?parent=8877"}],"wp:term":[{"taxonomy":"category","embeddable":true,"href":"https:\/\/arkitekttychsen.dk\/de\/wp-json\/wp\/v2\/categories?post=8877"}],"curies":[{"name":"wp","href":"https:\/\/api.w.org\/{rel}","templated":true}]}}