{"id":8905,"date":"2024-02-26T13:17:59","date_gmt":"2024-02-26T12:17:59","guid":{"rendered":"https:\/\/arkitekttychsen.dk\/das-individuelle-zuhause\/"},"modified":"2025-02-11T12:57:45","modified_gmt":"2025-02-11T11:57:45","slug":"das-individuelle-zuhause","status":"publish","type":"page","link":"https:\/\/arkitekttychsen.dk\/de\/das-individuelle-zuhause\/","title":{"rendered":"Das individuelle Zuhause"},"content":{"rendered":"\t\t<div data-elementor-type=\"wp-page\" data-elementor-id=\"8905\" class=\"elementor elementor-8905 elementor-8475\" data-elementor-post-type=\"page\">\n\t\t\t\t<div class=\"elementor-element elementor-element-6f54152 white e-flex e-con-boxed e-con e-parent\" data-id=\"6f54152\" data-element_type=\"container\" data-e-type=\"container\" data-settings=\"{&quot;background_background&quot;:&quot;classic&quot;}\">\n\t\t\t\t\t<div class=\"e-con-inner\">\n\t\t\t\t<div class=\"elementor-element elementor-element-596a9a86 elementor-widget elementor-widget-text-editor\" data-id=\"596a9a86\" data-element_type=\"widget\" data-e-type=\"widget\" data-widget_type=\"text-editor.default\">\n\t\t\t\t<div class=\"elementor-widget-container\">\n\t\t\t\t\t\t\t\t\t<p>Das individuelle Haus ist nicht nur ein Haus mit guten architektonischen Details. Es ist in erster Linie ein Prozess mit vielen F\u00e4den, die gezogen werden m\u00fcssen, und vielen Details, die auf dem Weg dorthin fertiggestellt werden m\u00fcssen.<\/p>\n\t\t\t\t\t\t\t\t<\/div>\n\t\t\t\t<\/div>\n\t\t\t\t<div class=\"elementor-element elementor-element-9cc4c7 elementor-icon-list--layout-inline elementor-align-center elementor-list-item-link-full_width elementor-widget elementor-widget-icon-list\" data-id=\"9cc4c7\" data-element_type=\"widget\" data-e-type=\"widget\" data-widget_type=\"icon-list.default\">\n\t\t\t\t<div class=\"elementor-widget-container\">\n\t\t\t\t\t\t\t<ul class=\"elementor-icon-list-items elementor-inline-items\">\n\t\t\t\t\t\t\t<li class=\"elementor-icon-list-item elementor-inline-item\">\n\t\t\t\t\t\t\t\t\t\t\t<a href=\"tel:93206030\">\n\n\t\t\t\t\t\t\t\t\t\t\t<span class=\"elementor-icon-list-text\">(+45) 93 20 60 30<\/span>\n\t\t\t\t\t\t\t\t\t\t\t<\/a>\n\t\t\t\t\t\t\t\t\t<\/li>\n\t\t\t\t\t\t\t\t<li class=\"elementor-icon-list-item elementor-inline-item\">\n\t\t\t\t\t\t\t\t\t\t\t<a href=\"mailto:et@arkitekttychsen.dk\">\n\n\t\t\t\t\t\t\t\t\t\t\t<span class=\"elementor-icon-list-text\">et@arkitekttychsen.dk<\/span>\n\t\t\t\t\t\t\t\t\t\t\t<\/a>\n\t\t\t\t\t\t\t\t\t<\/li>\n\t\t\t\t\t\t<\/ul>\n\t\t\t\t\t\t<\/div>\n\t\t\t\t<\/div>\n\t\t\t\t\t<\/div>\n\t\t\t\t<\/div>\n\t\t<div class=\"elementor-element elementor-element-4f6b7e84 e-flex e-con-boxed e-con e-parent\" data-id=\"4f6b7e84\" data-element_type=\"container\" data-e-type=\"container\">\n\t\t\t\t\t<div class=\"e-con-inner\">\n\t\t<div class=\"elementor-element elementor-element-235d98d3 e-con-full e-flex e-con e-child\" data-id=\"235d98d3\" data-element_type=\"container\" data-e-type=\"container\">\n\t\t\t\t<div class=\"elementor-element elementor-element-56ce9b55 elementor-widget elementor-widget-text-editor\" data-id=\"56ce9b55\" data-element_type=\"widget\" data-e-type=\"widget\" data-widget_type=\"text-editor.default\">\n\t\t\t\t<div class=\"elementor-widget-container\">\n\t\t\t\t\t\t\t\t\t<h2>Wir begleiten Sie bei jedem Schritt, vom kreativen Sparring am Anfang bis zum bezugsfertigen Geb\u00e4ude<\/h2>\n<p>&#8222;Das Haus als Maschine&#8220; wurde einst von f\u00fchrenden Architekten gesagt. Die Realit\u00e4t ist, dass sich die Funktion des Hauses seit diesen Worten ver\u00e4ndert hat.<\/p>\n<p>Die &#8222;Familie als Institution&#8220; hat jedoch einen noch gr\u00f6\u00dferen Wandel durchgemacht, und deshalb gibt es kein Rezept f\u00fcr ein gutes Zuhause mehr.<\/p>\n<p>Aber im Dialog und beim Skizzieren nimmt Ihr neues Zuhause nicht nur Gestalt an, sondern Ihre Vorstellungen und Wohnbed\u00fcrfnisse werden diskutiert und gekl\u00e4rt, bis das Haus als guter Rahmen f\u00fcr das Familienleben funktioniert.<\/p>\n<h3>Wir beraten Sie in allen Bauphasen, von der ersten Verteidigungslinie bis zur Fertigstellung und Nutzung des Geb\u00e4udes<\/h3>\n<p>Skizzenerstellung, Kundenberatung, Baumanagement, Finanzmanagement und professionelle \u00dcberwachung sind nur einige der Aufgaben, die wir \u00fcbernehmen.<\/p>\n\t\t\t\t\t\t\t\t<\/div>\n\t\t\t\t<\/div>\n\t\t\t\t<\/div>\n\t\t<div class=\"elementor-element elementor-element-28d9db7a e-con-full e-flex e-con e-child\" data-id=\"28d9db7a\" data-element_type=\"container\" data-e-type=\"container\">\n\t\t\t\t<div class=\"elementor-element elementor-element-50a32184 dark elementor-widget elementor-widget-sidebar\" data-id=\"50a32184\" data-element_type=\"widget\" data-e-type=\"widget\" data-widget_type=\"sidebar.default\">\n\t\t\t\t<div class=\"elementor-widget-container\">\n\t\t\t\t\t<aside id=\"text-10\" class=\"widget-odd widget-first widget-1 widget inner-padding widget_text\"><h2 class=\"widget-title\">Vil du h\u00f8re mere?<\/h2>\t\t\t<div class=\"textwidget\"><p>Udfyld formularen og vi kontakter dig hurtigst muligt.<\/p>\n<\/div>\n\t\t<\/aside><aside id=\"forminator_widget-2\" class=\"widget-even widget-last widget-2 widget inner-padding widget_forminator_widget\"><form id=\"forminator-module-199\" class=\"forminator-custom-form forminator-custom-form-199\" method=\"post\" data-forminator-render=\"0\" data-uid=\"69f4c4fe0e14d\"><div role=\"alert\" aria-live=\"polite\" class=\"forminator-response-message forminator-error\" aria-hidden=\"true\"><\/div><\/form><\/aside>\t\t\t\t<\/div>\n\t\t\t\t<\/div>\n\t\t\t\t<\/div>\n\t\t\t\t\t<\/div>\n\t\t\t\t<\/div>\n\t\t\t\t<\/div>\n\t\t","protected":false},"excerpt":{"rendered":"<p>Das individuelle Haus ist nicht nur ein Haus mit guten architektonischen Details. Es ist in erster Linie ein Prozess mit vielen F\u00e4den, die gezogen werden m\u00fcssen, und vielen Details, die auf dem Weg dorthin fertiggestellt werden m\u00fcssen. (+45) 93 20 60 30 et@arkitekttychsen.dk Wir begleiten Sie bei jedem Schritt, vom kreativen Sparring am Anfang bis &#8230; <a title=\"Das individuelle Zuhause\" class=\"read-more\" href=\"https:\/\/arkitekttychsen.dk\/de\/das-individuelle-zuhause\/\" aria-label=\"Mehr Informationen \u00fcber Das individuelle Zuhause\">Weiterlesen &#8230;<\/a><\/p>\n","protected":false},"author":9,"featured_media":0,"parent":0,"menu_order":0,"comment_status":"closed","ping_status":"closed","template":"","meta":{"_acf_changed":false,"footnotes":""},"categories":[],"class_list":["post-8905","page","type-page","status-publish"],"acf":[],"yoast_head":"<!-- This site is optimized with the Yoast SEO plugin v27.5 - https:\/\/yoast.com\/product\/yoast-seo-wordpress\/ -->\n<title>Das individuelle Zuhause | Arkitektfirmaet Tychsen<\/title>\n<meta name=\"robots\" content=\"index, follow, max-snippet:-1, max-image-preview:large, max-video-preview:-1\" \/>\n<link rel=\"canonical\" href=\"https:\/\/arkitekttychsen.dk\/de\/das-individuelle-zuhause\/\" \/>\n<meta property=\"og:locale\" content=\"de_DE\" \/>\n<meta property=\"og:type\" content=\"article\" \/>\n<meta property=\"og:title\" content=\"Das individuelle Zuhause | Arkitektfirmaet Tychsen\" \/>\n<meta property=\"og:description\" content=\"Das individuelle Haus ist nicht nur ein Haus mit guten architektonischen Details. Es ist in erster Linie ein Prozess mit vielen F\u00e4den, die gezogen werden m\u00fcssen, und vielen Details, die auf dem Weg dorthin fertiggestellt werden m\u00fcssen. (+45) 93 20 60 30 et@arkitekttychsen.dk Wir begleiten Sie bei jedem Schritt, vom kreativen Sparring am Anfang bis ... Weiterlesen ...\" \/>\n<meta property=\"og:url\" content=\"https:\/\/arkitekttychsen.dk\/de\/das-individuelle-zuhause\/\" \/>\n<meta property=\"og:site_name\" content=\"Arkitektfirmaet Tychsen\" \/>\n<meta property=\"article:modified_time\" content=\"2025-02-11T11:57:45+00:00\" \/>\n<meta name=\"twitter:card\" content=\"summary_large_image\" \/>\n<meta name=\"twitter:label1\" content=\"Gesch\u00e4tzte Lesezeit\" \/>\n\t<meta name=\"twitter:data1\" content=\"1\u00a0Minute\" \/>\n<script type=\"application\/ld+json\" class=\"yoast-schema-graph\">{\"@context\":\"https:\\\/\\\/schema.org\",\"@graph\":[{\"@type\":\"WebPage\",\"@id\":\"https:\\\/\\\/arkitekttychsen.dk\\\/de\\\/das-individuelle-zuhause\\\/\",\"url\":\"https:\\\/\\\/arkitekttychsen.dk\\\/de\\\/das-individuelle-zuhause\\\/\",\"name\":\"Das individuelle Zuhause | Arkitektfirmaet Tychsen\",\"isPartOf\":{\"@id\":\"https:\\\/\\\/arkitekttychsen.dk\\\/#website\"},\"datePublished\":\"2024-02-26T12:17:59+00:00\",\"dateModified\":\"2025-02-11T11:57:45+00:00\",\"breadcrumb\":{\"@id\":\"https:\\\/\\\/arkitekttychsen.dk\\\/de\\\/das-individuelle-zuhause\\\/#breadcrumb\"},\"inLanguage\":\"de\",\"potentialAction\":[{\"@type\":\"ReadAction\",\"target\":[\"https:\\\/\\\/arkitekttychsen.dk\\\/de\\\/das-individuelle-zuhause\\\/\"]}]},{\"@type\":\"BreadcrumbList\",\"@id\":\"https:\\\/\\\/arkitekttychsen.dk\\\/de\\\/das-individuelle-zuhause\\\/#breadcrumb\",\"itemListElement\":[{\"@type\":\"ListItem\",\"position\":1,\"name\":\"Forside\",\"item\":\"https:\\\/\\\/arkitekttychsen.dk\\\/de\\\/forside\\\/\"},{\"@type\":\"ListItem\",\"position\":2,\"name\":\"Das individuelle Zuhause\"}]},{\"@type\":\"WebSite\",\"@id\":\"https:\\\/\\\/arkitekttychsen.dk\\\/#website\",\"url\":\"https:\\\/\\\/arkitekttychsen.dk\\\/\",\"name\":\"Arkitektfirmaet Tychsen\",\"description\":\"Energim\u00e6rkning, tilstandsrapport, byggesagkyndig og arkitekt i S\u00f8nderborg\",\"potentialAction\":[{\"@type\":\"SearchAction\",\"target\":{\"@type\":\"EntryPoint\",\"urlTemplate\":\"https:\\\/\\\/arkitekttychsen.dk\\\/?s={search_term_string}\"},\"query-input\":{\"@type\":\"PropertyValueSpecification\",\"valueRequired\":true,\"valueName\":\"search_term_string\"}}],\"inLanguage\":\"de\"}]}<\/script>\n<!-- \/ Yoast SEO plugin. -->","yoast_head_json":{"title":"Das individuelle Zuhause | Arkitektfirmaet Tychsen","robots":{"index":"index","follow":"follow","max-snippet":"max-snippet:-1","max-image-preview":"max-image-preview:large","max-video-preview":"max-video-preview:-1"},"canonical":"https:\/\/arkitekttychsen.dk\/de\/das-individuelle-zuhause\/","og_locale":"de_DE","og_type":"article","og_title":"Das individuelle Zuhause | Arkitektfirmaet Tychsen","og_description":"Das individuelle Haus ist nicht nur ein Haus mit guten architektonischen Details. Es ist in erster Linie ein Prozess mit vielen F\u00e4den, die gezogen werden m\u00fcssen, und vielen Details, die auf dem Weg dorthin fertiggestellt werden m\u00fcssen. (+45) 93 20 60 30 et@arkitekttychsen.dk Wir begleiten Sie bei jedem Schritt, vom kreativen Sparring am Anfang bis ... Weiterlesen ...","og_url":"https:\/\/arkitekttychsen.dk\/de\/das-individuelle-zuhause\/","og_site_name":"Arkitektfirmaet Tychsen","article_modified_time":"2025-02-11T11:57:45+00:00","twitter_card":"summary_large_image","twitter_misc":{"Gesch\u00e4tzte Lesezeit":"1\u00a0Minute"},"schema":{"@context":"https:\/\/schema.org","@graph":[{"@type":"WebPage","@id":"https:\/\/arkitekttychsen.dk\/de\/das-individuelle-zuhause\/","url":"https:\/\/arkitekttychsen.dk\/de\/das-individuelle-zuhause\/","name":"Das individuelle Zuhause | Arkitektfirmaet Tychsen","isPartOf":{"@id":"https:\/\/arkitekttychsen.dk\/#website"},"datePublished":"2024-02-26T12:17:59+00:00","dateModified":"2025-02-11T11:57:45+00:00","breadcrumb":{"@id":"https:\/\/arkitekttychsen.dk\/de\/das-individuelle-zuhause\/#breadcrumb"},"inLanguage":"de","potentialAction":[{"@type":"ReadAction","target":["https:\/\/arkitekttychsen.dk\/de\/das-individuelle-zuhause\/"]}]},{"@type":"BreadcrumbList","@id":"https:\/\/arkitekttychsen.dk\/de\/das-individuelle-zuhause\/#breadcrumb","itemListElement":[{"@type":"ListItem","position":1,"name":"Forside","item":"https:\/\/arkitekttychsen.dk\/de\/forside\/"},{"@type":"ListItem","position":2,"name":"Das individuelle Zuhause"}]},{"@type":"WebSite","@id":"https:\/\/arkitekttychsen.dk\/#website","url":"https:\/\/arkitekttychsen.dk\/","name":"Arkitektfirmaet Tychsen","description":"Energim\u00e6rkning, tilstandsrapport, byggesagkyndig og arkitekt i S\u00f8nderborg","potentialAction":[{"@type":"SearchAction","target":{"@type":"EntryPoint","urlTemplate":"https:\/\/arkitekttychsen.dk\/?s={search_term_string}"},"query-input":{"@type":"PropertyValueSpecification","valueRequired":true,"valueName":"search_term_string"}}],"inLanguage":"de"}]}},"_links":{"self":[{"href":"https:\/\/arkitekttychsen.dk\/de\/wp-json\/wp\/v2\/pages\/8905","targetHints":{"allow":["GET"]}}],"collection":[{"href":"https:\/\/arkitekttychsen.dk\/de\/wp-json\/wp\/v2\/pages"}],"about":[{"href":"https:\/\/arkitekttychsen.dk\/de\/wp-json\/wp\/v2\/types\/page"}],"author":[{"embeddable":true,"href":"https:\/\/arkitekttychsen.dk\/de\/wp-json\/wp\/v2\/users\/9"}],"replies":[{"embeddable":true,"href":"https:\/\/arkitekttychsen.dk\/de\/wp-json\/wp\/v2\/comments?post=8905"}],"version-history":[{"count":1,"href":"https:\/\/arkitekttychsen.dk\/de\/wp-json\/wp\/v2\/pages\/8905\/revisions"}],"predecessor-version":[{"id":8917,"href":"https:\/\/arkitekttychsen.dk\/de\/wp-json\/wp\/v2\/pages\/8905\/revisions\/8917"}],"wp:attachment":[{"href":"https:\/\/arkitekttychsen.dk\/de\/wp-json\/wp\/v2\/media?parent=8905"}],"wp:term":[{"taxonomy":"category","embeddable":true,"href":"https:\/\/arkitekttychsen.dk\/de\/wp-json\/wp\/v2\/categories?post=8905"}],"curies":[{"name":"wp","href":"https:\/\/api.w.org\/{rel}","templated":true}]}}