{"id":8907,"date":"2024-02-26T13:17:59","date_gmt":"2024-02-26T12:17:59","guid":{"rendered":"https:\/\/arkitekttychsen.dk\/profil\/"},"modified":"2025-02-11T12:57:45","modified_gmt":"2025-02-11T11:57:45","slug":"profil","status":"publish","type":"page","link":"https:\/\/arkitekttychsen.dk\/de\/profil\/","title":{"rendered":"Profil"},"content":{"rendered":"\t\t<div data-elementor-type=\"wp-page\" data-elementor-id=\"8907\" class=\"elementor elementor-8907 elementor-8469\" data-elementor-post-type=\"page\">\n\t\t\t\t<div class=\"elementor-element elementor-element-7279c11 white e-flex e-con-boxed e-con e-parent\" data-id=\"7279c11\" data-element_type=\"container\" data-e-type=\"container\" data-settings=\"{&quot;background_background&quot;:&quot;classic&quot;}\">\n\t\t\t\t\t<div class=\"e-con-inner\">\n\t\t\t\t<div class=\"elementor-element elementor-element-26f6795d elementor-widget elementor-widget-text-editor\" data-id=\"26f6795d\" data-element_type=\"widget\" data-e-type=\"widget\" data-widget_type=\"text-editor.default\">\n\t\t\t\t<div class=\"elementor-widget-container\">\n\t\t\t\t\t\t\t\t\t<p>Wir glauben, dass Dialog Vertrauen schafft und Vertrauen schafft Werte.<\/p>\n\t\t\t\t\t\t\t\t<\/div>\n\t\t\t\t<\/div>\n\t\t\t\t<div class=\"elementor-element elementor-element-2ef1bad1 elementor-icon-list--layout-inline elementor-align-center elementor-list-item-link-full_width elementor-widget elementor-widget-icon-list\" data-id=\"2ef1bad1\" data-element_type=\"widget\" data-e-type=\"widget\" data-widget_type=\"icon-list.default\">\n\t\t\t\t<div class=\"elementor-widget-container\">\n\t\t\t\t\t\t\t<ul class=\"elementor-icon-list-items elementor-inline-items\">\n\t\t\t\t\t\t\t<li class=\"elementor-icon-list-item elementor-inline-item\">\n\t\t\t\t\t\t\t\t\t\t\t<a href=\"tel:93206030\">\n\n\t\t\t\t\t\t\t\t\t\t\t<span class=\"elementor-icon-list-text\">(+45) 93 20 60 30<\/span>\n\t\t\t\t\t\t\t\t\t\t\t<\/a>\n\t\t\t\t\t\t\t\t\t<\/li>\n\t\t\t\t\t\t\t\t<li class=\"elementor-icon-list-item elementor-inline-item\">\n\t\t\t\t\t\t\t\t\t\t\t<a href=\"mailto:et@arkitekttychsen.dk\">\n\n\t\t\t\t\t\t\t\t\t\t\t<span class=\"elementor-icon-list-text\">et@arkitekttychsen.dk<\/span>\n\t\t\t\t\t\t\t\t\t\t\t<\/a>\n\t\t\t\t\t\t\t\t\t<\/li>\n\t\t\t\t\t\t<\/ul>\n\t\t\t\t\t\t<\/div>\n\t\t\t\t<\/div>\n\t\t\t\t\t<\/div>\n\t\t\t\t<\/div>\n\t\t<div class=\"elementor-element elementor-element-20f190a3 e-flex e-con-boxed e-con e-parent\" data-id=\"20f190a3\" data-element_type=\"container\" data-e-type=\"container\">\n\t\t\t\t\t<div class=\"e-con-inner\">\n\t\t\t\t<div class=\"elementor-element elementor-element-19359337 elementor-widget elementor-widget-text-editor\" data-id=\"19359337\" data-element_type=\"widget\" data-e-type=\"widget\" data-widget_type=\"text-editor.default\">\n\t\t\t\t<div class=\"elementor-widget-container\">\n\t\t\t\t\t\t\t\t\t<h2>Arkitektfirmaet Tychsen<\/h2>\n<p>Tychsen Architects hat sich durch seine Arbeit als Architekt, Bausachverst\u00e4ndiger und Energieberater ein umfangreiches Fachwissen angeeignet, nicht zuletzt in einer Zeit, in der Energieeffizienz und Nachhaltigkeit von Geb\u00e4uden stark im Fokus stehen.<\/p>\n<p>Die gesetzlichen Anforderungen f\u00fcr neue Geb\u00e4ude werden weiterhin versch\u00e4rft, um die CO2-Emissionen zu reduzieren.<\/p>\n<p>Der Energierahmen und die <span style=\"background-color: var(--white); color: var(--text); text-align: var(--text-align);\"> Nachhaltigkeitsziele k\u00f6nnen in Konflikt mit anderen relevanten Kundenanforderungen stehen, wie z.B. der Ausrichtung auf die Ecken der Welt, der Inneneinrichtung, der Wahl der Materialien, dem Raumklima, der Aussicht, der Wirtschaftlichkeit, usw.<\/span><\/p>\n<p>Die Herausforderungen beim Neubau sind vielf\u00e4ltig und komplex, die Einbindung von Beh\u00f6rden in der Entwurfsphase kann notwendig sein, und es ist prozessorientiertes Arbeiten erforderlich, um Probleme zufriedenstellend zu l\u00f6sen.<\/p>\n<h3><b>Unsere Vision<\/b> <\/h3>\n<p>Bei guter Architektur geht es in erster Linie darum, eine optimale Umgebung f\u00fcr menschliche Aktivit\u00e4ten zu schaffen.<\/p>\n<p>Im Grunde geht es bei der Arbeit des Architekten darum, den W\u00fcnschen und Vorstellungen des Kunden zuzuh\u00f6ren, um sie innerhalb eines vorgegebenen finanziellen Rahmens in eine physische Form umzusetzen.<\/p>\n<h3>Unsere Werte, Zusammenarbeit ist einer unserer Grundwerte<\/h3>\n<p>Wenn Sie einen Architekten f\u00fcr Ihr Projekt ausw\u00e4hlen, sind Vertrauen und Chemie der Schl\u00fcssel. Die Professionalit\u00e4t muss stimmen, die Kreativit\u00e4t muss sich entfalten und das fertige Ergebnis muss einen Mehrwert f\u00fcr Sie schaffen. Wir glauben, dass Dialog Vertrauen schafft und Vertrauen schafft Werte.  <\/p>\n\t\t\t\t\t\t\t\t<\/div>\n\t\t\t\t<\/div>\n\t\t<div class=\"elementor-element elementor-element-5ce4b824 e-con-full e-flex e-con e-child\" data-id=\"5ce4b824\" data-element_type=\"container\" data-e-type=\"container\">\n\t\t\t\t<div class=\"elementor-element elementor-element-77016084 dark elementor-widget elementor-widget-sidebar\" data-id=\"77016084\" data-element_type=\"widget\" data-e-type=\"widget\" data-widget_type=\"sidebar.default\">\n\t\t\t\t<div class=\"elementor-widget-container\">\n\t\t\t\t\t<aside id=\"text-10\" class=\"widget-odd widget-first widget-1 widget inner-padding widget_text\"><h2 class=\"widget-title\">Vil du h\u00f8re mere?<\/h2>\t\t\t<div class=\"textwidget\"><p>Udfyld formularen og vi kontakter dig hurtigst muligt.<\/p>\n<\/div>\n\t\t<\/aside><aside id=\"forminator_widget-2\" class=\"widget-even widget-last widget-2 widget inner-padding widget_forminator_widget\"><form id=\"forminator-module-199\" class=\"forminator-custom-form forminator-custom-form-199\" method=\"post\" data-forminator-render=\"0\" data-uid=\"69f3dbdf423e8\"><div role=\"alert\" aria-live=\"polite\" class=\"forminator-response-message forminator-error\" aria-hidden=\"true\"><\/div><\/form><\/aside>\t\t\t\t<\/div>\n\t\t\t\t<\/div>\n\t\t\t\t<\/div>\n\t\t\t\t\t<\/div>\n\t\t\t\t<\/div>\n\t\t\t\t<\/div>\n\t\t","protected":false},"excerpt":{"rendered":"<p>Wir glauben, dass Dialog Vertrauen schafft und Vertrauen schafft Werte. (+45) 93 20 60 30 et@arkitekttychsen.dk Arkitektfirmaet Tychsen Tychsen Architects hat sich durch seine Arbeit als Architekt, Bausachverst\u00e4ndiger und Energieberater ein umfangreiches Fachwissen angeeignet, nicht zuletzt in einer Zeit, in der Energieeffizienz und Nachhaltigkeit von Geb\u00e4uden stark im Fokus stehen. Die gesetzlichen Anforderungen f\u00fcr neue &#8230; <a title=\"Profil\" class=\"read-more\" href=\"https:\/\/arkitekttychsen.dk\/de\/profil\/\" aria-label=\"Mehr Informationen \u00fcber Profil\">Weiterlesen &#8230;<\/a><\/p>\n","protected":false},"author":9,"featured_media":0,"parent":0,"menu_order":0,"comment_status":"closed","ping_status":"closed","template":"","meta":{"_acf_changed":false,"footnotes":""},"categories":[],"class_list":["post-8907","page","type-page","status-publish"],"acf":[],"yoast_head":"<!-- This site is optimized with the Yoast SEO plugin v27.5 - https:\/\/yoast.com\/product\/yoast-seo-wordpress\/ -->\n<title>Profil | Arkitektfirmaet Tychsen<\/title>\n<meta name=\"robots\" content=\"index, follow, max-snippet:-1, max-image-preview:large, max-video-preview:-1\" \/>\n<link rel=\"canonical\" href=\"https:\/\/arkitekttychsen.dk\/de\/profil\/\" \/>\n<meta property=\"og:locale\" content=\"de_DE\" \/>\n<meta property=\"og:type\" content=\"article\" \/>\n<meta property=\"og:title\" content=\"Profil | Arkitektfirmaet Tychsen\" \/>\n<meta property=\"og:description\" content=\"Wir glauben, dass Dialog Vertrauen schafft und Vertrauen schafft Werte. (+45) 93 20 60 30 et@arkitekttychsen.dk Arkitektfirmaet Tychsen Tychsen Architects hat sich durch seine Arbeit als Architekt, Bausachverst\u00e4ndiger und Energieberater ein umfangreiches Fachwissen angeeignet, nicht zuletzt in einer Zeit, in der Energieeffizienz und Nachhaltigkeit von Geb\u00e4uden stark im Fokus stehen. Die gesetzlichen Anforderungen f\u00fcr neue ... Weiterlesen ...\" \/>\n<meta property=\"og:url\" content=\"https:\/\/arkitekttychsen.dk\/de\/profil\/\" \/>\n<meta property=\"og:site_name\" content=\"Arkitektfirmaet Tychsen\" \/>\n<meta property=\"article:modified_time\" content=\"2025-02-11T11:57:45+00:00\" \/>\n<meta name=\"twitter:card\" content=\"summary_large_image\" \/>\n<meta name=\"twitter:label1\" content=\"Gesch\u00e4tzte Lesezeit\" \/>\n\t<meta name=\"twitter:data1\" content=\"1\u00a0Minute\" \/>\n<script type=\"application\/ld+json\" class=\"yoast-schema-graph\">{\"@context\":\"https:\\\/\\\/schema.org\",\"@graph\":[{\"@type\":\"WebPage\",\"@id\":\"https:\\\/\\\/arkitekttychsen.dk\\\/de\\\/profil\\\/\",\"url\":\"https:\\\/\\\/arkitekttychsen.dk\\\/de\\\/profil\\\/\",\"name\":\"Profil | Arkitektfirmaet Tychsen\",\"isPartOf\":{\"@id\":\"https:\\\/\\\/arkitekttychsen.dk\\\/#website\"},\"datePublished\":\"2024-02-26T12:17:59+00:00\",\"dateModified\":\"2025-02-11T11:57:45+00:00\",\"breadcrumb\":{\"@id\":\"https:\\\/\\\/arkitekttychsen.dk\\\/de\\\/profil\\\/#breadcrumb\"},\"inLanguage\":\"de\",\"potentialAction\":[{\"@type\":\"ReadAction\",\"target\":[\"https:\\\/\\\/arkitekttychsen.dk\\\/de\\\/profil\\\/\"]}]},{\"@type\":\"BreadcrumbList\",\"@id\":\"https:\\\/\\\/arkitekttychsen.dk\\\/de\\\/profil\\\/#breadcrumb\",\"itemListElement\":[{\"@type\":\"ListItem\",\"position\":1,\"name\":\"Forside\",\"item\":\"https:\\\/\\\/arkitekttychsen.dk\\\/de\\\/forside\\\/\"},{\"@type\":\"ListItem\",\"position\":2,\"name\":\"Profil\"}]},{\"@type\":\"WebSite\",\"@id\":\"https:\\\/\\\/arkitekttychsen.dk\\\/#website\",\"url\":\"https:\\\/\\\/arkitekttychsen.dk\\\/\",\"name\":\"Arkitektfirmaet Tychsen\",\"description\":\"Energim\u00e6rkning, tilstandsrapport, byggesagkyndig og arkitekt i S\u00f8nderborg\",\"potentialAction\":[{\"@type\":\"SearchAction\",\"target\":{\"@type\":\"EntryPoint\",\"urlTemplate\":\"https:\\\/\\\/arkitekttychsen.dk\\\/?s={search_term_string}\"},\"query-input\":{\"@type\":\"PropertyValueSpecification\",\"valueRequired\":true,\"valueName\":\"search_term_string\"}}],\"inLanguage\":\"de\"}]}<\/script>\n<!-- \/ Yoast SEO plugin. -->","yoast_head_json":{"title":"Profil | Arkitektfirmaet Tychsen","robots":{"index":"index","follow":"follow","max-snippet":"max-snippet:-1","max-image-preview":"max-image-preview:large","max-video-preview":"max-video-preview:-1"},"canonical":"https:\/\/arkitekttychsen.dk\/de\/profil\/","og_locale":"de_DE","og_type":"article","og_title":"Profil | Arkitektfirmaet Tychsen","og_description":"Wir glauben, dass Dialog Vertrauen schafft und Vertrauen schafft Werte. (+45) 93 20 60 30 et@arkitekttychsen.dk Arkitektfirmaet Tychsen Tychsen Architects hat sich durch seine Arbeit als Architekt, Bausachverst\u00e4ndiger und Energieberater ein umfangreiches Fachwissen angeeignet, nicht zuletzt in einer Zeit, in der Energieeffizienz und Nachhaltigkeit von Geb\u00e4uden stark im Fokus stehen. Die gesetzlichen Anforderungen f\u00fcr neue ... Weiterlesen ...","og_url":"https:\/\/arkitekttychsen.dk\/de\/profil\/","og_site_name":"Arkitektfirmaet Tychsen","article_modified_time":"2025-02-11T11:57:45+00:00","twitter_card":"summary_large_image","twitter_misc":{"Gesch\u00e4tzte Lesezeit":"1\u00a0Minute"},"schema":{"@context":"https:\/\/schema.org","@graph":[{"@type":"WebPage","@id":"https:\/\/arkitekttychsen.dk\/de\/profil\/","url":"https:\/\/arkitekttychsen.dk\/de\/profil\/","name":"Profil | Arkitektfirmaet Tychsen","isPartOf":{"@id":"https:\/\/arkitekttychsen.dk\/#website"},"datePublished":"2024-02-26T12:17:59+00:00","dateModified":"2025-02-11T11:57:45+00:00","breadcrumb":{"@id":"https:\/\/arkitekttychsen.dk\/de\/profil\/#breadcrumb"},"inLanguage":"de","potentialAction":[{"@type":"ReadAction","target":["https:\/\/arkitekttychsen.dk\/de\/profil\/"]}]},{"@type":"BreadcrumbList","@id":"https:\/\/arkitekttychsen.dk\/de\/profil\/#breadcrumb","itemListElement":[{"@type":"ListItem","position":1,"name":"Forside","item":"https:\/\/arkitekttychsen.dk\/de\/forside\/"},{"@type":"ListItem","position":2,"name":"Profil"}]},{"@type":"WebSite","@id":"https:\/\/arkitekttychsen.dk\/#website","url":"https:\/\/arkitekttychsen.dk\/","name":"Arkitektfirmaet Tychsen","description":"Energim\u00e6rkning, tilstandsrapport, byggesagkyndig og arkitekt i S\u00f8nderborg","potentialAction":[{"@type":"SearchAction","target":{"@type":"EntryPoint","urlTemplate":"https:\/\/arkitekttychsen.dk\/?s={search_term_string}"},"query-input":{"@type":"PropertyValueSpecification","valueRequired":true,"valueName":"search_term_string"}}],"inLanguage":"de"}]}},"_links":{"self":[{"href":"https:\/\/arkitekttychsen.dk\/de\/wp-json\/wp\/v2\/pages\/8907","targetHints":{"allow":["GET"]}}],"collection":[{"href":"https:\/\/arkitekttychsen.dk\/de\/wp-json\/wp\/v2\/pages"}],"about":[{"href":"https:\/\/arkitekttychsen.dk\/de\/wp-json\/wp\/v2\/types\/page"}],"author":[{"embeddable":true,"href":"https:\/\/arkitekttychsen.dk\/de\/wp-json\/wp\/v2\/users\/9"}],"replies":[{"embeddable":true,"href":"https:\/\/arkitekttychsen.dk\/de\/wp-json\/wp\/v2\/comments?post=8907"}],"version-history":[{"count":1,"href":"https:\/\/arkitekttychsen.dk\/de\/wp-json\/wp\/v2\/pages\/8907\/revisions"}],"predecessor-version":[{"id":8916,"href":"https:\/\/arkitekttychsen.dk\/de\/wp-json\/wp\/v2\/pages\/8907\/revisions\/8916"}],"wp:attachment":[{"href":"https:\/\/arkitekttychsen.dk\/de\/wp-json\/wp\/v2\/media?parent=8907"}],"wp:term":[{"taxonomy":"category","embeddable":true,"href":"https:\/\/arkitekttychsen.dk\/de\/wp-json\/wp\/v2\/categories?post=8907"}],"curies":[{"name":"wp","href":"https:\/\/api.w.org\/{rel}","templated":true}]}}