{"id":8908,"date":"2024-02-26T13:17:59","date_gmt":"2024-02-26T12:17:59","guid":{"rendered":"https:\/\/arkitekttychsen.dk\/newboelnor\/"},"modified":"2025-02-11T12:57:44","modified_gmt":"2025-02-11T11:57:44","slug":"newboelnor","status":"publish","type":"page","link":"https:\/\/arkitekttychsen.dk\/de\/newboelnor\/","title":{"rendered":"Newb\u00f8lnor"},"content":{"rendered":"\t\t<div data-elementor-type=\"wp-page\" data-elementor-id=\"8908\" class=\"elementor elementor-8908 elementor-8477\" data-elementor-post-type=\"page\">\n\t\t\t\t<div class=\"elementor-element elementor-element-26aad5e9 white e-flex e-con-boxed e-con e-parent\" data-id=\"26aad5e9\" data-element_type=\"container\" data-e-type=\"container\" data-settings=\"{&quot;background_background&quot;:&quot;classic&quot;}\">\n\t\t\t\t\t<div class=\"e-con-inner\">\n\t\t\t\t<div class=\"elementor-element elementor-element-1f40515b elementor-widget elementor-widget-text-editor\" data-id=\"1f40515b\" data-element_type=\"widget\" data-e-type=\"widget\" data-widget_type=\"text-editor.default\">\n\t\t\t\t<div class=\"elementor-widget-container\">\n\t\t\t\t\t\t\t\t\t<p>Nyb\u00f8lnor ist der Ort, an dem Ziegelindustrie, Landwirtschaft, Wohnungsbau, Angler, Naturtourismus und jetzt auch die Abenteuergemeinde<\/p>\n\t\t\t\t\t\t\t\t<\/div>\n\t\t\t\t<\/div>\n\t\t\t\t<div class=\"elementor-element elementor-element-c4be9ab elementor-icon-list--layout-inline elementor-align-center elementor-list-item-link-full_width elementor-widget elementor-widget-icon-list\" data-id=\"c4be9ab\" data-element_type=\"widget\" data-e-type=\"widget\" data-widget_type=\"icon-list.default\">\n\t\t\t\t<div class=\"elementor-widget-container\">\n\t\t\t\t\t\t\t<ul class=\"elementor-icon-list-items elementor-inline-items\">\n\t\t\t\t\t\t\t<li class=\"elementor-icon-list-item elementor-inline-item\">\n\t\t\t\t\t\t\t\t\t\t\t<a href=\"tel:93206030\">\n\n\t\t\t\t\t\t\t\t\t\t\t<span class=\"elementor-icon-list-text\">(+45) 93 20 60 30<\/span>\n\t\t\t\t\t\t\t\t\t\t\t<\/a>\n\t\t\t\t\t\t\t\t\t<\/li>\n\t\t\t\t\t\t\t\t<li class=\"elementor-icon-list-item elementor-inline-item\">\n\t\t\t\t\t\t\t\t\t\t\t<a href=\"mailto:et@arkitekttychsen.dk\">\n\n\t\t\t\t\t\t\t\t\t\t\t<span class=\"elementor-icon-list-text\">et@arkitekttychsen.dk<\/span>\n\t\t\t\t\t\t\t\t\t\t\t<\/a>\n\t\t\t\t\t\t\t\t\t<\/li>\n\t\t\t\t\t\t<\/ul>\n\t\t\t\t\t\t<\/div>\n\t\t\t\t<\/div>\n\t\t\t\t\t<\/div>\n\t\t\t\t<\/div>\n\t\t<div class=\"elementor-element elementor-element-60a5b9c2 e-flex e-con-boxed e-con e-parent\" data-id=\"60a5b9c2\" data-element_type=\"container\" data-e-type=\"container\">\n\t\t\t\t\t<div class=\"e-con-inner\">\n\t\t<div class=\"elementor-element elementor-element-5dbc1b8a e-con-full e-flex e-con e-child\" data-id=\"5dbc1b8a\" data-element_type=\"container\" data-e-type=\"container\">\n\t\t\t\t<div class=\"elementor-element elementor-element-3f43881d elementor-widget elementor-widget-text-editor\" data-id=\"3f43881d\" data-element_type=\"widget\" data-e-type=\"widget\" data-widget_type=\"text-editor.default\">\n\t\t\t\t<div class=\"elementor-widget-container\">\n\t\t\t\t\t\t\t\t\t<h2>Lesen Sie mehr \u00fcber nyb\u00f8lnor<\/h2>\n<p>Nyb\u00f8lnor ist der Ort, an dem sich Ziegelindustrie, Landwirtschaft, Wohnungsbau, Angler, Natur und jetzt auch die Abenteurergemeinde rund um einen Fjord treffen, der in jeder Hinsicht dramatisch und sch\u00f6n ist und sich sowohl landschaftlich als auch inhaltlich st\u00e4ndig ver\u00e4ndert.<\/p>\n<h3>Die Aufregung und Einzigartigkeit dieses Fjordes<\/h3>\n<p>Das Spannende und Einzigartige an diesem sich st\u00e4ndig ver\u00e4ndernden Fjord ist, dass sich die Natur st\u00e4ndig an die Ver\u00e4nderungen angepasst hat, indem sie mit neuen Qualit\u00e4ten reagiert hat, wie z.B. die Erosion der alten Tongruben, die heute als sehr wichtige Biotope gelten.<\/p>\n<p>Und inmitten all dieser k\u00fcnstlichen Biotope gedeihen nun die Innovatoren der Ziegelindustrie, die mit neuen Ziegeltypen und Baukonzepten den gesamten Mauerwerksbau neu definieren.<\/p>\n<p>Lokale Bauherren und f\u00fchrende Architekturb\u00fcros aus dem In- und Ausland sind nicht nur von den neuen Ziegeln fasziniert, sondern auch vom Standort, wenn sie eine Ziegelei besichtigen und zum Abschluss einen Segelt\u00f6rn mit dem alten Segelschiff der Ziegelei in Nyb\u00f8lnor unternehmen.<\/p>\n\t\t\t\t\t\t\t\t<\/div>\n\t\t\t\t<\/div>\n\t\t\t\t<\/div>\n\t\t<div class=\"elementor-element elementor-element-2acb2d91 e-con-full e-flex e-con e-child\" data-id=\"2acb2d91\" data-element_type=\"container\" data-e-type=\"container\">\n\t\t\t\t<div class=\"elementor-element elementor-element-5ccd67cd dark elementor-widget elementor-widget-sidebar\" data-id=\"5ccd67cd\" data-element_type=\"widget\" data-e-type=\"widget\" data-widget_type=\"sidebar.default\">\n\t\t\t\t<div class=\"elementor-widget-container\">\n\t\t\t\t\t<aside id=\"text-10\" class=\"widget-odd widget-first widget-1 widget inner-padding widget_text\"><h2 class=\"widget-title\">Vil du h\u00f8re mere?<\/h2>\t\t\t<div class=\"textwidget\"><p>Udfyld formularen og vi kontakter dig hurtigst muligt.<\/p>\n<\/div>\n\t\t<\/aside><aside id=\"forminator_widget-2\" class=\"widget-even widget-last widget-2 widget inner-padding widget_forminator_widget\"><form id=\"forminator-module-199\" class=\"forminator-custom-form forminator-custom-form-199\" method=\"post\" data-forminator-render=\"0\" data-uid=\"69f3447dd9043\"><div role=\"alert\" aria-live=\"polite\" class=\"forminator-response-message forminator-error\" aria-hidden=\"true\"><\/div><\/form><\/aside>\t\t\t\t<\/div>\n\t\t\t\t<\/div>\n\t\t\t\t<\/div>\n\t\t\t\t\t<\/div>\n\t\t\t\t<\/div>\n\t\t\t\t<\/div>\n\t\t","protected":false},"excerpt":{"rendered":"<p>Nyb\u00f8lnor ist der Ort, an dem Ziegelindustrie, Landwirtschaft, Wohnungsbau, Angler, Naturtourismus und jetzt auch die Abenteuergemeinde (+45) 93 20 60 30 et@arkitekttychsen.dk Lesen Sie mehr \u00fcber nyb\u00f8lnor Nyb\u00f8lnor ist der Ort, an dem sich Ziegelindustrie, Landwirtschaft, Wohnungsbau, Angler, Natur und jetzt auch die Abenteurergemeinde rund um einen Fjord treffen, der in jeder Hinsicht dramatisch und &#8230; <a title=\"Newb\u00f8lnor\" class=\"read-more\" href=\"https:\/\/arkitekttychsen.dk\/de\/newboelnor\/\" aria-label=\"Mehr Informationen \u00fcber Newb\u00f8lnor\">Weiterlesen &#8230;<\/a><\/p>\n","protected":false},"author":9,"featured_media":0,"parent":0,"menu_order":0,"comment_status":"closed","ping_status":"closed","template":"","meta":{"_acf_changed":false,"footnotes":""},"categories":[],"class_list":["post-8908","page","type-page","status-publish"],"acf":[],"yoast_head":"<!-- This site is optimized with the Yoast SEO plugin v27.5 - https:\/\/yoast.com\/product\/yoast-seo-wordpress\/ -->\n<title>Newb\u00f8lnor | Arkitektfirmaet Tychsen<\/title>\n<meta name=\"robots\" content=\"index, follow, max-snippet:-1, max-image-preview:large, max-video-preview:-1\" \/>\n<link rel=\"canonical\" href=\"https:\/\/arkitekttychsen.dk\/de\/newboelnor\/\" \/>\n<meta property=\"og:locale\" content=\"de_DE\" \/>\n<meta property=\"og:type\" content=\"article\" \/>\n<meta property=\"og:title\" content=\"Newb\u00f8lnor | Arkitektfirmaet Tychsen\" \/>\n<meta property=\"og:description\" content=\"Nyb\u00f8lnor ist der Ort, an dem Ziegelindustrie, Landwirtschaft, Wohnungsbau, Angler, Naturtourismus und jetzt auch die Abenteuergemeinde (+45) 93 20 60 30 et@arkitekttychsen.dk Lesen Sie mehr \u00fcber nyb\u00f8lnor Nyb\u00f8lnor ist der Ort, an dem sich Ziegelindustrie, Landwirtschaft, Wohnungsbau, Angler, Natur und jetzt auch die Abenteurergemeinde rund um einen Fjord treffen, der in jeder Hinsicht dramatisch und ... Weiterlesen ...\" \/>\n<meta property=\"og:url\" content=\"https:\/\/arkitekttychsen.dk\/de\/newboelnor\/\" \/>\n<meta property=\"og:site_name\" content=\"Arkitektfirmaet Tychsen\" \/>\n<meta property=\"article:modified_time\" content=\"2025-02-11T11:57:44+00:00\" \/>\n<meta name=\"twitter:card\" content=\"summary_large_image\" \/>\n<meta name=\"twitter:label1\" content=\"Gesch\u00e4tzte Lesezeit\" \/>\n\t<meta name=\"twitter:data1\" content=\"1\u00a0Minute\" \/>\n<script type=\"application\/ld+json\" class=\"yoast-schema-graph\">{\"@context\":\"https:\\\/\\\/schema.org\",\"@graph\":[{\"@type\":\"WebPage\",\"@id\":\"https:\\\/\\\/arkitekttychsen.dk\\\/de\\\/newboelnor\\\/\",\"url\":\"https:\\\/\\\/arkitekttychsen.dk\\\/de\\\/newboelnor\\\/\",\"name\":\"Newb\u00f8lnor | Arkitektfirmaet Tychsen\",\"isPartOf\":{\"@id\":\"https:\\\/\\\/arkitekttychsen.dk\\\/#website\"},\"datePublished\":\"2024-02-26T12:17:59+00:00\",\"dateModified\":\"2025-02-11T11:57:44+00:00\",\"breadcrumb\":{\"@id\":\"https:\\\/\\\/arkitekttychsen.dk\\\/de\\\/newboelnor\\\/#breadcrumb\"},\"inLanguage\":\"de\",\"potentialAction\":[{\"@type\":\"ReadAction\",\"target\":[\"https:\\\/\\\/arkitekttychsen.dk\\\/de\\\/newboelnor\\\/\"]}]},{\"@type\":\"BreadcrumbList\",\"@id\":\"https:\\\/\\\/arkitekttychsen.dk\\\/de\\\/newboelnor\\\/#breadcrumb\",\"itemListElement\":[{\"@type\":\"ListItem\",\"position\":1,\"name\":\"Forside\",\"item\":\"https:\\\/\\\/arkitekttychsen.dk\\\/de\\\/forside\\\/\"},{\"@type\":\"ListItem\",\"position\":2,\"name\":\"Newb\u00f8lnor\"}]},{\"@type\":\"WebSite\",\"@id\":\"https:\\\/\\\/arkitekttychsen.dk\\\/#website\",\"url\":\"https:\\\/\\\/arkitekttychsen.dk\\\/\",\"name\":\"Arkitektfirmaet Tychsen\",\"description\":\"Energim\u00e6rkning, tilstandsrapport, byggesagkyndig og arkitekt i S\u00f8nderborg\",\"potentialAction\":[{\"@type\":\"SearchAction\",\"target\":{\"@type\":\"EntryPoint\",\"urlTemplate\":\"https:\\\/\\\/arkitekttychsen.dk\\\/?s={search_term_string}\"},\"query-input\":{\"@type\":\"PropertyValueSpecification\",\"valueRequired\":true,\"valueName\":\"search_term_string\"}}],\"inLanguage\":\"de\"}]}<\/script>\n<!-- \/ Yoast SEO plugin. -->","yoast_head_json":{"title":"Newb\u00f8lnor | Arkitektfirmaet Tychsen","robots":{"index":"index","follow":"follow","max-snippet":"max-snippet:-1","max-image-preview":"max-image-preview:large","max-video-preview":"max-video-preview:-1"},"canonical":"https:\/\/arkitekttychsen.dk\/de\/newboelnor\/","og_locale":"de_DE","og_type":"article","og_title":"Newb\u00f8lnor | Arkitektfirmaet Tychsen","og_description":"Nyb\u00f8lnor ist der Ort, an dem Ziegelindustrie, Landwirtschaft, Wohnungsbau, Angler, Naturtourismus und jetzt auch die Abenteuergemeinde (+45) 93 20 60 30 et@arkitekttychsen.dk Lesen Sie mehr \u00fcber nyb\u00f8lnor Nyb\u00f8lnor ist der Ort, an dem sich Ziegelindustrie, Landwirtschaft, Wohnungsbau, Angler, Natur und jetzt auch die Abenteurergemeinde rund um einen Fjord treffen, der in jeder Hinsicht dramatisch und ... Weiterlesen ...","og_url":"https:\/\/arkitekttychsen.dk\/de\/newboelnor\/","og_site_name":"Arkitektfirmaet Tychsen","article_modified_time":"2025-02-11T11:57:44+00:00","twitter_card":"summary_large_image","twitter_misc":{"Gesch\u00e4tzte Lesezeit":"1\u00a0Minute"},"schema":{"@context":"https:\/\/schema.org","@graph":[{"@type":"WebPage","@id":"https:\/\/arkitekttychsen.dk\/de\/newboelnor\/","url":"https:\/\/arkitekttychsen.dk\/de\/newboelnor\/","name":"Newb\u00f8lnor | Arkitektfirmaet Tychsen","isPartOf":{"@id":"https:\/\/arkitekttychsen.dk\/#website"},"datePublished":"2024-02-26T12:17:59+00:00","dateModified":"2025-02-11T11:57:44+00:00","breadcrumb":{"@id":"https:\/\/arkitekttychsen.dk\/de\/newboelnor\/#breadcrumb"},"inLanguage":"de","potentialAction":[{"@type":"ReadAction","target":["https:\/\/arkitekttychsen.dk\/de\/newboelnor\/"]}]},{"@type":"BreadcrumbList","@id":"https:\/\/arkitekttychsen.dk\/de\/newboelnor\/#breadcrumb","itemListElement":[{"@type":"ListItem","position":1,"name":"Forside","item":"https:\/\/arkitekttychsen.dk\/de\/forside\/"},{"@type":"ListItem","position":2,"name":"Newb\u00f8lnor"}]},{"@type":"WebSite","@id":"https:\/\/arkitekttychsen.dk\/#website","url":"https:\/\/arkitekttychsen.dk\/","name":"Arkitektfirmaet Tychsen","description":"Energim\u00e6rkning, tilstandsrapport, byggesagkyndig og arkitekt i S\u00f8nderborg","potentialAction":[{"@type":"SearchAction","target":{"@type":"EntryPoint","urlTemplate":"https:\/\/arkitekttychsen.dk\/?s={search_term_string}"},"query-input":{"@type":"PropertyValueSpecification","valueRequired":true,"valueName":"search_term_string"}}],"inLanguage":"de"}]}},"_links":{"self":[{"href":"https:\/\/arkitekttychsen.dk\/de\/wp-json\/wp\/v2\/pages\/8908","targetHints":{"allow":["GET"]}}],"collection":[{"href":"https:\/\/arkitekttychsen.dk\/de\/wp-json\/wp\/v2\/pages"}],"about":[{"href":"https:\/\/arkitekttychsen.dk\/de\/wp-json\/wp\/v2\/types\/page"}],"author":[{"embeddable":true,"href":"https:\/\/arkitekttychsen.dk\/de\/wp-json\/wp\/v2\/users\/9"}],"replies":[{"embeddable":true,"href":"https:\/\/arkitekttychsen.dk\/de\/wp-json\/wp\/v2\/comments?post=8908"}],"version-history":[{"count":1,"href":"https:\/\/arkitekttychsen.dk\/de\/wp-json\/wp\/v2\/pages\/8908\/revisions"}],"predecessor-version":[{"id":8920,"href":"https:\/\/arkitekttychsen.dk\/de\/wp-json\/wp\/v2\/pages\/8908\/revisions\/8920"}],"wp:attachment":[{"href":"https:\/\/arkitekttychsen.dk\/de\/wp-json\/wp\/v2\/media?parent=8908"}],"wp:term":[{"taxonomy":"category","embeddable":true,"href":"https:\/\/arkitekttychsen.dk\/de\/wp-json\/wp\/v2\/categories?post=8908"}],"curies":[{"name":"wp","href":"https:\/\/api.w.org\/{rel}","templated":true}]}}