{"id":8944,"date":"2024-02-26T13:17:59","date_gmt":"2024-02-26T12:17:59","guid":{"rendered":"https:\/\/arkitekttychsen.dk\/ueberpruefung-der-bautechnik\/"},"modified":"2025-02-11T12:57:45","modified_gmt":"2025-02-11T11:57:45","slug":"ueberpruefung-der-bautechnik","status":"publish","type":"page","link":"https:\/\/arkitekttychsen.dk\/de\/ueberpruefung-der-bautechnik\/","title":{"rendered":"\u00dcberpr\u00fcfung der Bautechnik"},"content":{"rendered":"\t\t<div data-elementor-type=\"wp-page\" data-elementor-id=\"8944\" class=\"elementor elementor-8944 elementor-8473\" data-elementor-post-type=\"page\">\n\t\t\t\t<div class=\"elementor-element elementor-element-6918f219 white e-flex e-con-boxed e-con e-parent\" data-id=\"6918f219\" data-element_type=\"container\" data-e-type=\"container\" data-settings=\"{&quot;background_background&quot;:&quot;classic&quot;}\">\n\t\t\t\t\t<div class=\"e-con-inner\">\n\t\t\t\t<div class=\"elementor-element elementor-element-3d0525ad elementor-widget elementor-widget-text-editor\" data-id=\"3d0525ad\" data-element_type=\"widget\" data-e-type=\"widget\" data-widget_type=\"text-editor.default\">\n\t\t\t\t<div class=\"elementor-widget-container\">\n\t\t\t\t\t\t\t\t\t<p>Ein Geb\u00e4udegutachten ist eine Art von Bericht, der verwendet wird, wenn ein Zustandsbericht nicht erstellt werden kann:<\/p>\n\t\t\t\t\t\t\t\t<\/div>\n\t\t\t\t<\/div>\n\t\t\t\t<div class=\"elementor-element elementor-element-ba8e678 elementor-icon-list--layout-inline elementor-align-center elementor-list-item-link-full_width elementor-widget elementor-widget-icon-list\" data-id=\"ba8e678\" data-element_type=\"widget\" data-e-type=\"widget\" data-widget_type=\"icon-list.default\">\n\t\t\t\t<div class=\"elementor-widget-container\">\n\t\t\t\t\t\t\t<ul class=\"elementor-icon-list-items elementor-inline-items\">\n\t\t\t\t\t\t\t<li class=\"elementor-icon-list-item elementor-inline-item\">\n\t\t\t\t\t\t\t\t\t\t\t<a href=\"tel:93206030\">\n\n\t\t\t\t\t\t\t\t\t\t\t<span class=\"elementor-icon-list-text\">(+45) 93 20 60 30<\/span>\n\t\t\t\t\t\t\t\t\t\t\t<\/a>\n\t\t\t\t\t\t\t\t\t<\/li>\n\t\t\t\t\t\t\t\t<li class=\"elementor-icon-list-item elementor-inline-item\">\n\t\t\t\t\t\t\t\t\t\t\t<a href=\"mailto:et@arkitekttychsen.dk\">\n\n\t\t\t\t\t\t\t\t\t\t\t<span class=\"elementor-icon-list-text\">et@arkitekttychsen.dk<\/span>\n\t\t\t\t\t\t\t\t\t\t\t<\/a>\n\t\t\t\t\t\t\t\t\t<\/li>\n\t\t\t\t\t\t<\/ul>\n\t\t\t\t\t\t<\/div>\n\t\t\t\t<\/div>\n\t\t\t\t\t<\/div>\n\t\t\t\t<\/div>\n\t\t<div class=\"elementor-element elementor-element-48ba739f e-flex e-con-boxed e-con e-parent\" data-id=\"48ba739f\" data-element_type=\"container\" data-e-type=\"container\">\n\t\t\t\t\t<div class=\"e-con-inner\">\n\t\t<div class=\"elementor-element elementor-element-522705ac e-con-full e-flex e-con e-child\" data-id=\"522705ac\" data-element_type=\"container\" data-e-type=\"container\">\n\t\t\t\t<div class=\"elementor-element elementor-element-3a832d98 elementor-widget elementor-widget-text-editor\" data-id=\"3a832d98\" data-element_type=\"widget\" data-e-type=\"widget\" data-widget_type=\"text-editor.default\">\n\t\t\t\t<div class=\"elementor-widget-container\">\n\t\t\t\t\t\t\t\t\t<h2>Landwirtschaftliche Geb\u00e4ude mit landwirtschaftlichen Aufgaben, gr\u00f6\u00dfere Wohngeb\u00e4ude oder eine Genossenschaft<\/h2>\n<p>Wir k\u00f6nnen die Immobilie inspizieren und Sch\u00e4den, Fehler und M\u00e4ngel beurteilen.<\/p>\n<h3>Alle Sch\u00e4den und M\u00e4ngel werden im Vergleich zu einem normal instandgehaltenen Geb\u00e4ude desselben Alters bewertet<\/h3>\n<p>Wir gehen mit Ihnen die Immobilie durch und Sie erhalten einen geb\u00e4udetechnischen Bericht, in dem die Geb\u00e4ude in Bezug auf Nutzung, Alter und Fl\u00e4chen erfasst werden.<\/p>\n<p>Der Bericht beschreibt Sch\u00e4den, M\u00e4ngel und Unzul\u00e4nglichkeiten, die die Funktion und\/oder den Wert des Geb\u00e4udes beeintr\u00e4chtigen k\u00f6nnen.  <\/p>\n\t\t\t\t\t\t\t\t<\/div>\n\t\t\t\t<\/div>\n\t\t\t\t<\/div>\n\t\t<div class=\"elementor-element elementor-element-2c184d3d e-con-full e-flex e-con e-child\" data-id=\"2c184d3d\" data-element_type=\"container\" data-e-type=\"container\">\n\t\t\t\t<div class=\"elementor-element elementor-element-1ee05016 dark elementor-widget elementor-widget-sidebar\" data-id=\"1ee05016\" data-element_type=\"widget\" data-e-type=\"widget\" data-widget_type=\"sidebar.default\">\n\t\t\t\t<div class=\"elementor-widget-container\">\n\t\t\t\t\t<aside id=\"text-10\" class=\"widget-odd widget-first widget-1 widget inner-padding widget_text\"><h2 class=\"widget-title\">Vil du h\u00f8re mere?<\/h2>\t\t\t<div class=\"textwidget\"><p>Udfyld formularen og vi kontakter dig hurtigst muligt.<\/p>\n<\/div>\n\t\t<\/aside><aside id=\"forminator_widget-2\" class=\"widget-even widget-last widget-2 widget inner-padding widget_forminator_widget\"><form id=\"forminator-module-199\" class=\"forminator-custom-form forminator-custom-form-199\" method=\"post\" data-forminator-render=\"0\" data-uid=\"69f5f4d574fe5\"><div role=\"alert\" aria-live=\"polite\" class=\"forminator-response-message forminator-error\" aria-hidden=\"true\"><\/div><\/form><\/aside>\t\t\t\t<\/div>\n\t\t\t\t<\/div>\n\t\t\t\t<\/div>\n\t\t\t\t\t<\/div>\n\t\t\t\t<\/div>\n\t\t\t\t<\/div>\n\t\t","protected":false},"excerpt":{"rendered":"<p>Ein Geb\u00e4udegutachten ist eine Art von Bericht, der verwendet wird, wenn ein Zustandsbericht nicht erstellt werden kann: (+45) 93 20 60 30 et@arkitekttychsen.dk Landwirtschaftliche Geb\u00e4ude mit landwirtschaftlichen Aufgaben, gr\u00f6\u00dfere Wohngeb\u00e4ude oder eine Genossenschaft Wir k\u00f6nnen die Immobilie inspizieren und Sch\u00e4den, Fehler und M\u00e4ngel beurteilen. Alle Sch\u00e4den und M\u00e4ngel werden im Vergleich zu einem normal instandgehaltenen &#8230; <a title=\"\u00dcberpr\u00fcfung der Bautechnik\" class=\"read-more\" href=\"https:\/\/arkitekttychsen.dk\/de\/ueberpruefung-der-bautechnik\/\" aria-label=\"Mehr Informationen \u00fcber \u00dcberpr\u00fcfung der Bautechnik\">Weiterlesen &#8230;<\/a><\/p>\n","protected":false},"author":9,"featured_media":0,"parent":0,"menu_order":0,"comment_status":"closed","ping_status":"closed","template":"","meta":{"_acf_changed":false,"footnotes":""},"categories":[],"class_list":["post-8944","page","type-page","status-publish"],"acf":[],"yoast_head":"<!-- This site is optimized with the Yoast SEO plugin v27.5 - https:\/\/yoast.com\/product\/yoast-seo-wordpress\/ -->\n<title>\u00dcberpr\u00fcfung der Bautechnik | Arkitektfirmaet Tychsen<\/title>\n<meta name=\"robots\" content=\"index, follow, max-snippet:-1, max-image-preview:large, max-video-preview:-1\" \/>\n<link rel=\"canonical\" href=\"https:\/\/arkitekttychsen.dk\/de\/ueberpruefung-der-bautechnik\/\" \/>\n<meta property=\"og:locale\" content=\"de_DE\" \/>\n<meta property=\"og:type\" content=\"article\" \/>\n<meta property=\"og:title\" content=\"\u00dcberpr\u00fcfung der Bautechnik | Arkitektfirmaet Tychsen\" \/>\n<meta property=\"og:description\" content=\"Ein Geb\u00e4udegutachten ist eine Art von Bericht, der verwendet wird, wenn ein Zustandsbericht nicht erstellt werden kann: (+45) 93 20 60 30 et@arkitekttychsen.dk Landwirtschaftliche Geb\u00e4ude mit landwirtschaftlichen Aufgaben, gr\u00f6\u00dfere Wohngeb\u00e4ude oder eine Genossenschaft Wir k\u00f6nnen die Immobilie inspizieren und Sch\u00e4den, Fehler und M\u00e4ngel beurteilen. Alle Sch\u00e4den und M\u00e4ngel werden im Vergleich zu einem normal instandgehaltenen ... Weiterlesen ...\" \/>\n<meta property=\"og:url\" content=\"https:\/\/arkitekttychsen.dk\/de\/ueberpruefung-der-bautechnik\/\" \/>\n<meta property=\"og:site_name\" content=\"Arkitektfirmaet Tychsen\" \/>\n<meta property=\"article:modified_time\" content=\"2025-02-11T11:57:45+00:00\" \/>\n<meta name=\"twitter:card\" content=\"summary_large_image\" \/>\n<meta name=\"twitter:label1\" content=\"Gesch\u00e4tzte Lesezeit\" \/>\n\t<meta name=\"twitter:data1\" content=\"1\u00a0Minute\" \/>\n<script type=\"application\/ld+json\" class=\"yoast-schema-graph\">{\"@context\":\"https:\\\/\\\/schema.org\",\"@graph\":[{\"@type\":\"WebPage\",\"@id\":\"https:\\\/\\\/arkitekttychsen.dk\\\/de\\\/ueberpruefung-der-bautechnik\\\/\",\"url\":\"https:\\\/\\\/arkitekttychsen.dk\\\/de\\\/ueberpruefung-der-bautechnik\\\/\",\"name\":\"\u00dcberpr\u00fcfung der Bautechnik | Arkitektfirmaet Tychsen\",\"isPartOf\":{\"@id\":\"https:\\\/\\\/arkitekttychsen.dk\\\/#website\"},\"datePublished\":\"2024-02-26T12:17:59+00:00\",\"dateModified\":\"2025-02-11T11:57:45+00:00\",\"breadcrumb\":{\"@id\":\"https:\\\/\\\/arkitekttychsen.dk\\\/de\\\/ueberpruefung-der-bautechnik\\\/#breadcrumb\"},\"inLanguage\":\"de\",\"potentialAction\":[{\"@type\":\"ReadAction\",\"target\":[\"https:\\\/\\\/arkitekttychsen.dk\\\/de\\\/ueberpruefung-der-bautechnik\\\/\"]}]},{\"@type\":\"BreadcrumbList\",\"@id\":\"https:\\\/\\\/arkitekttychsen.dk\\\/de\\\/ueberpruefung-der-bautechnik\\\/#breadcrumb\",\"itemListElement\":[{\"@type\":\"ListItem\",\"position\":1,\"name\":\"Forside\",\"item\":\"https:\\\/\\\/arkitekttychsen.dk\\\/de\\\/forside\\\/\"},{\"@type\":\"ListItem\",\"position\":2,\"name\":\"\u00dcberpr\u00fcfung der Bautechnik\"}]},{\"@type\":\"WebSite\",\"@id\":\"https:\\\/\\\/arkitekttychsen.dk\\\/#website\",\"url\":\"https:\\\/\\\/arkitekttychsen.dk\\\/\",\"name\":\"Arkitektfirmaet Tychsen\",\"description\":\"Energim\u00e6rkning, tilstandsrapport, byggesagkyndig og arkitekt i S\u00f8nderborg\",\"potentialAction\":[{\"@type\":\"SearchAction\",\"target\":{\"@type\":\"EntryPoint\",\"urlTemplate\":\"https:\\\/\\\/arkitekttychsen.dk\\\/?s={search_term_string}\"},\"query-input\":{\"@type\":\"PropertyValueSpecification\",\"valueRequired\":true,\"valueName\":\"search_term_string\"}}],\"inLanguage\":\"de\"}]}<\/script>\n<!-- \/ Yoast SEO plugin. -->","yoast_head_json":{"title":"\u00dcberpr\u00fcfung der Bautechnik | Arkitektfirmaet Tychsen","robots":{"index":"index","follow":"follow","max-snippet":"max-snippet:-1","max-image-preview":"max-image-preview:large","max-video-preview":"max-video-preview:-1"},"canonical":"https:\/\/arkitekttychsen.dk\/de\/ueberpruefung-der-bautechnik\/","og_locale":"de_DE","og_type":"article","og_title":"\u00dcberpr\u00fcfung der Bautechnik | Arkitektfirmaet Tychsen","og_description":"Ein Geb\u00e4udegutachten ist eine Art von Bericht, der verwendet wird, wenn ein Zustandsbericht nicht erstellt werden kann: (+45) 93 20 60 30 et@arkitekttychsen.dk Landwirtschaftliche Geb\u00e4ude mit landwirtschaftlichen Aufgaben, gr\u00f6\u00dfere Wohngeb\u00e4ude oder eine Genossenschaft Wir k\u00f6nnen die Immobilie inspizieren und Sch\u00e4den, Fehler und M\u00e4ngel beurteilen. Alle Sch\u00e4den und M\u00e4ngel werden im Vergleich zu einem normal instandgehaltenen ... Weiterlesen ...","og_url":"https:\/\/arkitekttychsen.dk\/de\/ueberpruefung-der-bautechnik\/","og_site_name":"Arkitektfirmaet Tychsen","article_modified_time":"2025-02-11T11:57:45+00:00","twitter_card":"summary_large_image","twitter_misc":{"Gesch\u00e4tzte Lesezeit":"1\u00a0Minute"},"schema":{"@context":"https:\/\/schema.org","@graph":[{"@type":"WebPage","@id":"https:\/\/arkitekttychsen.dk\/de\/ueberpruefung-der-bautechnik\/","url":"https:\/\/arkitekttychsen.dk\/de\/ueberpruefung-der-bautechnik\/","name":"\u00dcberpr\u00fcfung der Bautechnik | Arkitektfirmaet Tychsen","isPartOf":{"@id":"https:\/\/arkitekttychsen.dk\/#website"},"datePublished":"2024-02-26T12:17:59+00:00","dateModified":"2025-02-11T11:57:45+00:00","breadcrumb":{"@id":"https:\/\/arkitekttychsen.dk\/de\/ueberpruefung-der-bautechnik\/#breadcrumb"},"inLanguage":"de","potentialAction":[{"@type":"ReadAction","target":["https:\/\/arkitekttychsen.dk\/de\/ueberpruefung-der-bautechnik\/"]}]},{"@type":"BreadcrumbList","@id":"https:\/\/arkitekttychsen.dk\/de\/ueberpruefung-der-bautechnik\/#breadcrumb","itemListElement":[{"@type":"ListItem","position":1,"name":"Forside","item":"https:\/\/arkitekttychsen.dk\/de\/forside\/"},{"@type":"ListItem","position":2,"name":"\u00dcberpr\u00fcfung der Bautechnik"}]},{"@type":"WebSite","@id":"https:\/\/arkitekttychsen.dk\/#website","url":"https:\/\/arkitekttychsen.dk\/","name":"Arkitektfirmaet Tychsen","description":"Energim\u00e6rkning, tilstandsrapport, byggesagkyndig og arkitekt i S\u00f8nderborg","potentialAction":[{"@type":"SearchAction","target":{"@type":"EntryPoint","urlTemplate":"https:\/\/arkitekttychsen.dk\/?s={search_term_string}"},"query-input":{"@type":"PropertyValueSpecification","valueRequired":true,"valueName":"search_term_string"}}],"inLanguage":"de"}]}},"_links":{"self":[{"href":"https:\/\/arkitekttychsen.dk\/de\/wp-json\/wp\/v2\/pages\/8944","targetHints":{"allow":["GET"]}}],"collection":[{"href":"https:\/\/arkitekttychsen.dk\/de\/wp-json\/wp\/v2\/pages"}],"about":[{"href":"https:\/\/arkitekttychsen.dk\/de\/wp-json\/wp\/v2\/types\/page"}],"author":[{"embeddable":true,"href":"https:\/\/arkitekttychsen.dk\/de\/wp-json\/wp\/v2\/users\/9"}],"replies":[{"embeddable":true,"href":"https:\/\/arkitekttychsen.dk\/de\/wp-json\/wp\/v2\/comments?post=8944"}],"version-history":[{"count":1,"href":"https:\/\/arkitekttychsen.dk\/de\/wp-json\/wp\/v2\/pages\/8944\/revisions"}],"predecessor-version":[{"id":8955,"href":"https:\/\/arkitekttychsen.dk\/de\/wp-json\/wp\/v2\/pages\/8944\/revisions\/8955"}],"wp:attachment":[{"href":"https:\/\/arkitekttychsen.dk\/de\/wp-json\/wp\/v2\/media?parent=8944"}],"wp:term":[{"taxonomy":"category","embeddable":true,"href":"https:\/\/arkitekttychsen.dk\/de\/wp-json\/wp\/v2\/categories?post=8944"}],"curies":[{"name":"wp","href":"https:\/\/api.w.org\/{rel}","templated":true}]}}