{"id":8949,"date":"2024-02-26T13:17:59","date_gmt":"2024-02-26T12:17:59","guid":{"rendered":"https:\/\/arkitekttychsen.dk\/alternative-wohnformen\/"},"modified":"2025-02-11T12:57:44","modified_gmt":"2025-02-11T11:57:44","slug":"alternative-wohnformen","status":"publish","type":"page","link":"https:\/\/arkitekttychsen.dk\/de\/alternative-wohnformen\/","title":{"rendered":"Alternative Wohnformen"},"content":{"rendered":"\t\t<div data-elementor-type=\"wp-page\" data-elementor-id=\"8949\" class=\"elementor elementor-8949 elementor-8476\" data-elementor-post-type=\"page\">\n\t\t\t\t<div class=\"elementor-element elementor-element-632a4805 white e-flex e-con-boxed e-con e-parent\" data-id=\"632a4805\" data-element_type=\"container\" data-e-type=\"container\" data-settings=\"{&quot;background_background&quot;:&quot;classic&quot;}\">\n\t\t\t\t\t<div class=\"e-con-inner\">\n\t\t\t\t<div class=\"elementor-element elementor-element-49d53a0b elementor-widget elementor-widget-text-editor\" data-id=\"49d53a0b\" data-element_type=\"widget\" data-e-type=\"widget\" data-widget_type=\"text-editor.default\">\n\t\t\t\t<div class=\"elementor-widget-container\">\n\t\t\t\t\t\t\t\t\t<p>Alternative Haltungssysteme f\u00fcr Mastschweine und Ferkel sind ein Bereich, in dem das Designstudio \u00fcber besondere Expertise verf\u00fcgt.<\/p>\n\t\t\t\t\t\t\t\t<\/div>\n\t\t\t\t<\/div>\n\t\t\t\t<div class=\"elementor-element elementor-element-5b0e2f8 elementor-icon-list--layout-inline elementor-align-center elementor-list-item-link-full_width elementor-widget elementor-widget-icon-list\" data-id=\"5b0e2f8\" data-element_type=\"widget\" data-e-type=\"widget\" data-widget_type=\"icon-list.default\">\n\t\t\t\t<div class=\"elementor-widget-container\">\n\t\t\t\t\t\t\t<ul class=\"elementor-icon-list-items elementor-inline-items\">\n\t\t\t\t\t\t\t<li class=\"elementor-icon-list-item elementor-inline-item\">\n\t\t\t\t\t\t\t\t\t\t\t<a href=\"tel:93206030\">\n\n\t\t\t\t\t\t\t\t\t\t\t<span class=\"elementor-icon-list-text\">(+45) 93 20 60 30<\/span>\n\t\t\t\t\t\t\t\t\t\t\t<\/a>\n\t\t\t\t\t\t\t\t\t<\/li>\n\t\t\t\t\t\t\t\t<li class=\"elementor-icon-list-item elementor-inline-item\">\n\t\t\t\t\t\t\t\t\t\t\t<a href=\"mailto:et@arkitekttychsen.dk\">\n\n\t\t\t\t\t\t\t\t\t\t\t<span class=\"elementor-icon-list-text\">et@arkitekttychsen.dk<\/span>\n\t\t\t\t\t\t\t\t\t\t\t<\/a>\n\t\t\t\t\t\t\t\t\t<\/li>\n\t\t\t\t\t\t<\/ul>\n\t\t\t\t\t\t<\/div>\n\t\t\t\t<\/div>\n\t\t\t\t\t<\/div>\n\t\t\t\t<\/div>\n\t\t<div class=\"elementor-element elementor-element-762a7450 e-flex e-con-boxed e-con e-parent\" data-id=\"762a7450\" data-element_type=\"container\" data-e-type=\"container\">\n\t\t\t\t\t<div class=\"e-con-inner\">\n\t\t<div class=\"elementor-element elementor-element-4cdd4ede e-con-full e-flex e-con e-child\" data-id=\"4cdd4ede\" data-element_type=\"container\" data-e-type=\"container\">\n\t\t\t\t<div class=\"elementor-element elementor-element-2fd08c6a elementor-widget elementor-widget-text-editor\" data-id=\"2fd08c6a\" data-element_type=\"widget\" data-e-type=\"widget\" data-widget_type=\"text-editor.default\">\n\t\t\t\t<div class=\"elementor-widget-container\">\n\t\t\t\t\t\t\t\t\t<h2>Der Inhaber des Architekturb\u00fcros<\/h2>\n<p>Der Eigent\u00fcmer des Architekturb\u00fcros betreibt einen Schweineschlachthof mit einer Jahresproduktion von etwa 7.000 Schlachtschweinen. Die Produktion findet in einem Stallsystem statt, das der Eigent\u00fcmer in Zusammenarbeit mit den Schlachtschweinehaltern der Region entwickelt hat, die ihre St\u00e4lle nach demselben Konzept bauen wollen.<\/p>\n<p>Die St\u00e4lle sind als offene Vorhangst\u00e4lle mit Nassfutter gebaut. Das Stallkonzept legt Wert auf das Wohlergehen der Tiere, umweltfreundliche L\u00f6sungen und nicht zuletzt auf ein gutes Arbeitsumfeld f\u00fcr die Mitarbeiter.<\/p>\n<p>Bei dem j\u00fcngsten Stallprojekt erhielt der Landwirt eine volle Technologief\u00f6rderung, musste aber keine Technologieverpflichtung erf\u00fcllen, da das Stallsystem bereits die Ziele der Emissionsreduzierung und des Energieverbrauchs erf\u00fcllt.<\/p>\n<p>Offene Vorhangst\u00e4lle sind vor allem in Milchviehbetrieben zu finden und haben sich bei Schlachtschweinehaltern nie durchgesetzt. Es gibt viele Vorurteile \u00fcber offene St\u00e4lle f\u00fcr Mastschweine, insbesondere, dass der offene Vorhangstall ein billiges Haltungssystem ist, bei dem es nicht m\u00f6glich ist, Temperatur, Kotverhalten und Futterverbrauch zu kontrollieren.<\/p>\n<p>Die Realit\u00e4t in ihren St\u00e4llen ist jedoch, dass die Schweine ohne Schwanzbei\u00dfen und Beinprobleme, mit gutem Wachstum und geringem Futterverbrauch gedeihen.<\/p>\n<h3>Der Stall ist keineswegs ein primitives Wohnprinzip<\/h3>\n<p>sondern bietet den Schweinen den Komfort, den ein modernes Stallsystem bieten kann und sollte. St\u00e4lle inklusive. Die Vorh\u00e4nge sind gut isoliert, es gibt eine Fu\u00dfbodenheizung, 2 Klimazonen, Sprinkleranlagen und ein individuelles Klimakontrollsystem.<\/p>\n<p>Nicht zuletzt gibt es immer viel Luft im Stall, auch weil die Spaltenfl\u00e4che begrenzt ist und weil die Schweine die Spalten immer d\u00fcngen, selbst an hei\u00dfen Sommertagen.<\/p>\n<p>Wir haben so gute Erfahrungen mit den Finisher-St\u00e4llen gemacht, dass wir 2014 gemeinsam mit einem jungen Landwirt im Broager Land das Stallkonzept auf einen Ferkelstall umgestellt haben, der nun schon seit 4 Jahren zur vollen Zufriedenheit des Landwirts arbeitet.<\/p>\n<p>Der Absetzerstall wurde nach den gleichen Proportionen und Prinzipien wie der Finisher-Stall entworfen, denn wir haben gezeigt, dass es funktioniert. Der Unterschied besteht lediglich in einem h\u00f6heren Isolationsgrad des Stalls und einem noch besseren Komfort in der unmittelbaren Umgebung der Schweine unter dem Dach.<\/p>\n\t\t\t\t\t\t\t\t<\/div>\n\t\t\t\t<\/div>\n\t\t\t\t<\/div>\n\t\t<div class=\"elementor-element elementor-element-3776b51 e-con-full e-flex e-con e-child\" data-id=\"3776b51\" data-element_type=\"container\" data-e-type=\"container\">\n\t\t\t\t<div class=\"elementor-element elementor-element-5aa960fb dark elementor-widget elementor-widget-sidebar\" data-id=\"5aa960fb\" data-element_type=\"widget\" data-e-type=\"widget\" data-widget_type=\"sidebar.default\">\n\t\t\t\t<div class=\"elementor-widget-container\">\n\t\t\t\t\t<aside id=\"text-10\" class=\"widget-odd widget-first widget-1 widget inner-padding widget_text\"><h2 class=\"widget-title\">Vil du h\u00f8re mere?<\/h2>\t\t\t<div class=\"textwidget\"><p>Udfyld formularen og vi kontakter dig hurtigst muligt.<\/p>\n<\/div>\n\t\t<\/aside><aside id=\"forminator_widget-2\" class=\"widget-even widget-last widget-2 widget inner-padding widget_forminator_widget\"><form id=\"forminator-module-199\" class=\"forminator-custom-form forminator-custom-form-199\" method=\"post\" data-forminator-render=\"0\" data-uid=\"69f56f85ee479\"><div role=\"alert\" aria-live=\"polite\" class=\"forminator-response-message forminator-error\" aria-hidden=\"true\"><\/div><\/form><\/aside>\t\t\t\t<\/div>\n\t\t\t\t<\/div>\n\t\t\t\t<\/div>\n\t\t\t\t\t<\/div>\n\t\t\t\t<\/div>\n\t\t\t\t<\/div>\n\t\t","protected":false},"excerpt":{"rendered":"<p>Alternative Haltungssysteme f\u00fcr Mastschweine und Ferkel sind ein Bereich, in dem das Designstudio \u00fcber besondere Expertise verf\u00fcgt. (+45) 93 20 60 30 et@arkitekttychsen.dk Der Inhaber des Architekturb\u00fcros Der Eigent\u00fcmer des Architekturb\u00fcros betreibt einen Schweineschlachthof mit einer Jahresproduktion von etwa 7.000 Schlachtschweinen. Die Produktion findet in einem Stallsystem statt, das der Eigent\u00fcmer in Zusammenarbeit mit den &#8230; <a title=\"Alternative Wohnformen\" class=\"read-more\" href=\"https:\/\/arkitekttychsen.dk\/de\/alternative-wohnformen\/\" aria-label=\"Mehr Informationen \u00fcber Alternative Wohnformen\">Weiterlesen &#8230;<\/a><\/p>\n","protected":false},"author":9,"featured_media":0,"parent":0,"menu_order":0,"comment_status":"closed","ping_status":"closed","template":"","meta":{"_acf_changed":false,"footnotes":""},"categories":[],"class_list":["post-8949","page","type-page","status-publish"],"acf":[],"yoast_head":"<!-- This site is optimized with the Yoast SEO plugin v27.5 - https:\/\/yoast.com\/product\/yoast-seo-wordpress\/ -->\n<title>Alternative Wohnformen | Arkitektfirmaet Tychsen<\/title>\n<meta name=\"robots\" content=\"index, follow, max-snippet:-1, max-image-preview:large, max-video-preview:-1\" \/>\n<link rel=\"canonical\" href=\"https:\/\/arkitekttychsen.dk\/de\/alternative-wohnformen\/\" \/>\n<meta property=\"og:locale\" content=\"de_DE\" \/>\n<meta property=\"og:type\" content=\"article\" \/>\n<meta property=\"og:title\" content=\"Alternative Wohnformen | Arkitektfirmaet Tychsen\" \/>\n<meta property=\"og:description\" content=\"Alternative Haltungssysteme f\u00fcr Mastschweine und Ferkel sind ein Bereich, in dem das Designstudio \u00fcber besondere Expertise verf\u00fcgt. (+45) 93 20 60 30 et@arkitekttychsen.dk Der Inhaber des Architekturb\u00fcros Der Eigent\u00fcmer des Architekturb\u00fcros betreibt einen Schweineschlachthof mit einer Jahresproduktion von etwa 7.000 Schlachtschweinen. Die Produktion findet in einem Stallsystem statt, das der Eigent\u00fcmer in Zusammenarbeit mit den ... Weiterlesen ...\" \/>\n<meta property=\"og:url\" content=\"https:\/\/arkitekttychsen.dk\/de\/alternative-wohnformen\/\" \/>\n<meta property=\"og:site_name\" content=\"Arkitektfirmaet Tychsen\" \/>\n<meta property=\"article:modified_time\" content=\"2025-02-11T11:57:44+00:00\" \/>\n<meta name=\"twitter:card\" content=\"summary_large_image\" \/>\n<meta name=\"twitter:label1\" content=\"Gesch\u00e4tzte Lesezeit\" \/>\n\t<meta name=\"twitter:data1\" content=\"2\u00a0Minuten\" \/>\n<script type=\"application\/ld+json\" class=\"yoast-schema-graph\">{\"@context\":\"https:\\\/\\\/schema.org\",\"@graph\":[{\"@type\":\"WebPage\",\"@id\":\"https:\\\/\\\/arkitekttychsen.dk\\\/de\\\/alternative-wohnformen\\\/\",\"url\":\"https:\\\/\\\/arkitekttychsen.dk\\\/de\\\/alternative-wohnformen\\\/\",\"name\":\"Alternative Wohnformen | Arkitektfirmaet Tychsen\",\"isPartOf\":{\"@id\":\"https:\\\/\\\/arkitekttychsen.dk\\\/#website\"},\"datePublished\":\"2024-02-26T12:17:59+00:00\",\"dateModified\":\"2025-02-11T11:57:44+00:00\",\"breadcrumb\":{\"@id\":\"https:\\\/\\\/arkitekttychsen.dk\\\/de\\\/alternative-wohnformen\\\/#breadcrumb\"},\"inLanguage\":\"de\",\"potentialAction\":[{\"@type\":\"ReadAction\",\"target\":[\"https:\\\/\\\/arkitekttychsen.dk\\\/de\\\/alternative-wohnformen\\\/\"]}]},{\"@type\":\"BreadcrumbList\",\"@id\":\"https:\\\/\\\/arkitekttychsen.dk\\\/de\\\/alternative-wohnformen\\\/#breadcrumb\",\"itemListElement\":[{\"@type\":\"ListItem\",\"position\":1,\"name\":\"Forside\",\"item\":\"https:\\\/\\\/arkitekttychsen.dk\\\/de\\\/forside\\\/\"},{\"@type\":\"ListItem\",\"position\":2,\"name\":\"Alternative Wohnformen\"}]},{\"@type\":\"WebSite\",\"@id\":\"https:\\\/\\\/arkitekttychsen.dk\\\/#website\",\"url\":\"https:\\\/\\\/arkitekttychsen.dk\\\/\",\"name\":\"Arkitektfirmaet Tychsen\",\"description\":\"Energim\u00e6rkning, tilstandsrapport, byggesagkyndig og arkitekt i S\u00f8nderborg\",\"potentialAction\":[{\"@type\":\"SearchAction\",\"target\":{\"@type\":\"EntryPoint\",\"urlTemplate\":\"https:\\\/\\\/arkitekttychsen.dk\\\/?s={search_term_string}\"},\"query-input\":{\"@type\":\"PropertyValueSpecification\",\"valueRequired\":true,\"valueName\":\"search_term_string\"}}],\"inLanguage\":\"de\"}]}<\/script>\n<!-- \/ Yoast SEO plugin. -->","yoast_head_json":{"title":"Alternative Wohnformen | Arkitektfirmaet Tychsen","robots":{"index":"index","follow":"follow","max-snippet":"max-snippet:-1","max-image-preview":"max-image-preview:large","max-video-preview":"max-video-preview:-1"},"canonical":"https:\/\/arkitekttychsen.dk\/de\/alternative-wohnformen\/","og_locale":"de_DE","og_type":"article","og_title":"Alternative Wohnformen | Arkitektfirmaet Tychsen","og_description":"Alternative Haltungssysteme f\u00fcr Mastschweine und Ferkel sind ein Bereich, in dem das Designstudio \u00fcber besondere Expertise verf\u00fcgt. (+45) 93 20 60 30 et@arkitekttychsen.dk Der Inhaber des Architekturb\u00fcros Der Eigent\u00fcmer des Architekturb\u00fcros betreibt einen Schweineschlachthof mit einer Jahresproduktion von etwa 7.000 Schlachtschweinen. Die Produktion findet in einem Stallsystem statt, das der Eigent\u00fcmer in Zusammenarbeit mit den ... Weiterlesen ...","og_url":"https:\/\/arkitekttychsen.dk\/de\/alternative-wohnformen\/","og_site_name":"Arkitektfirmaet Tychsen","article_modified_time":"2025-02-11T11:57:44+00:00","twitter_card":"summary_large_image","twitter_misc":{"Gesch\u00e4tzte Lesezeit":"2\u00a0Minuten"},"schema":{"@context":"https:\/\/schema.org","@graph":[{"@type":"WebPage","@id":"https:\/\/arkitekttychsen.dk\/de\/alternative-wohnformen\/","url":"https:\/\/arkitekttychsen.dk\/de\/alternative-wohnformen\/","name":"Alternative Wohnformen | Arkitektfirmaet Tychsen","isPartOf":{"@id":"https:\/\/arkitekttychsen.dk\/#website"},"datePublished":"2024-02-26T12:17:59+00:00","dateModified":"2025-02-11T11:57:44+00:00","breadcrumb":{"@id":"https:\/\/arkitekttychsen.dk\/de\/alternative-wohnformen\/#breadcrumb"},"inLanguage":"de","potentialAction":[{"@type":"ReadAction","target":["https:\/\/arkitekttychsen.dk\/de\/alternative-wohnformen\/"]}]},{"@type":"BreadcrumbList","@id":"https:\/\/arkitekttychsen.dk\/de\/alternative-wohnformen\/#breadcrumb","itemListElement":[{"@type":"ListItem","position":1,"name":"Forside","item":"https:\/\/arkitekttychsen.dk\/de\/forside\/"},{"@type":"ListItem","position":2,"name":"Alternative Wohnformen"}]},{"@type":"WebSite","@id":"https:\/\/arkitekttychsen.dk\/#website","url":"https:\/\/arkitekttychsen.dk\/","name":"Arkitektfirmaet Tychsen","description":"Energim\u00e6rkning, tilstandsrapport, byggesagkyndig og arkitekt i S\u00f8nderborg","potentialAction":[{"@type":"SearchAction","target":{"@type":"EntryPoint","urlTemplate":"https:\/\/arkitekttychsen.dk\/?s={search_term_string}"},"query-input":{"@type":"PropertyValueSpecification","valueRequired":true,"valueName":"search_term_string"}}],"inLanguage":"de"}]}},"_links":{"self":[{"href":"https:\/\/arkitekttychsen.dk\/de\/wp-json\/wp\/v2\/pages\/8949","targetHints":{"allow":["GET"]}}],"collection":[{"href":"https:\/\/arkitekttychsen.dk\/de\/wp-json\/wp\/v2\/pages"}],"about":[{"href":"https:\/\/arkitekttychsen.dk\/de\/wp-json\/wp\/v2\/types\/page"}],"author":[{"embeddable":true,"href":"https:\/\/arkitekttychsen.dk\/de\/wp-json\/wp\/v2\/users\/9"}],"replies":[{"embeddable":true,"href":"https:\/\/arkitekttychsen.dk\/de\/wp-json\/wp\/v2\/comments?post=8949"}],"version-history":[{"count":1,"href":"https:\/\/arkitekttychsen.dk\/de\/wp-json\/wp\/v2\/pages\/8949\/revisions"}],"predecessor-version":[{"id":8966,"href":"https:\/\/arkitekttychsen.dk\/de\/wp-json\/wp\/v2\/pages\/8949\/revisions\/8966"}],"wp:attachment":[{"href":"https:\/\/arkitekttychsen.dk\/de\/wp-json\/wp\/v2\/media?parent=8949"}],"wp:term":[{"taxonomy":"category","embeddable":true,"href":"https:\/\/arkitekttychsen.dk\/de\/wp-json\/wp\/v2\/categories?post=8949"}],"curies":[{"name":"wp","href":"https:\/\/api.w.org\/{rel}","templated":true}]}}