{"id":8994,"date":"2020-02-12T13:11:38","date_gmt":"2020-02-12T12:11:38","guid":{"rendered":"https:\/\/arkitekttychsen.dk\/kontaktieren-sie-uns\/"},"modified":"2025-02-11T12:58:33","modified_gmt":"2025-02-11T11:58:33","slug":"kontaktieren-sie-uns","status":"publish","type":"page","link":"https:\/\/arkitekttychsen.dk\/de\/kontaktieren-sie-uns\/","title":{"rendered":"Kontaktieren Sie uns"},"content":{"rendered":"\t\t<div data-elementor-type=\"wp-page\" data-elementor-id=\"8994\" class=\"elementor elementor-8994 elementor-61\" data-elementor-post-type=\"page\">\n\t\t\t\t<div class=\"elementor-element elementor-element-791ee868 white e-flex e-con-boxed e-con e-parent\" data-id=\"791ee868\" data-element_type=\"container\" data-e-type=\"container\" data-settings=\"{&quot;background_background&quot;:&quot;classic&quot;}\">\n\t\t\t\t\t<div class=\"e-con-inner\">\n\t\t\t\t<div class=\"elementor-element elementor-element-4f68054a elementor-widget elementor-widget-text-editor\" data-id=\"4f68054a\" data-element_type=\"widget\" data-e-type=\"widget\" data-widget_type=\"text-editor.default\">\n\t\t\t\t<div class=\"elementor-widget-container\">\n\t\t\t\t\t\t\t\t\t<p>Wir glauben, dass Dialog Vertrauen schafft und Vertrauen schafft Werte.<\/p>\n\t\t\t\t\t\t\t\t<\/div>\n\t\t\t\t<\/div>\n\t\t\t\t<div class=\"elementor-element elementor-element-778b5940 elementor-icon-list--layout-inline elementor-align-center elementor-list-item-link-full_width elementor-widget elementor-widget-icon-list\" data-id=\"778b5940\" data-element_type=\"widget\" data-e-type=\"widget\" data-widget_type=\"icon-list.default\">\n\t\t\t\t<div class=\"elementor-widget-container\">\n\t\t\t\t\t\t\t<ul class=\"elementor-icon-list-items elementor-inline-items\">\n\t\t\t\t\t\t\t<li class=\"elementor-icon-list-item elementor-inline-item\">\n\t\t\t\t\t\t\t\t\t\t\t<a href=\"tel:93206030\">\n\n\t\t\t\t\t\t\t\t\t\t\t<span class=\"elementor-icon-list-text\">(+45) 93 20 60 30<\/span>\n\t\t\t\t\t\t\t\t\t\t\t<\/a>\n\t\t\t\t\t\t\t\t\t<\/li>\n\t\t\t\t\t\t\t\t<li class=\"elementor-icon-list-item elementor-inline-item\">\n\t\t\t\t\t\t\t\t\t\t\t<a href=\"mailto:et@arkitekttychsen.dk\">\n\n\t\t\t\t\t\t\t\t\t\t\t<span class=\"elementor-icon-list-text\">et@arkitekttychsen.dk<\/span>\n\t\t\t\t\t\t\t\t\t\t\t<\/a>\n\t\t\t\t\t\t\t\t\t<\/li>\n\t\t\t\t\t\t<\/ul>\n\t\t\t\t\t\t<\/div>\n\t\t\t\t<\/div>\n\t\t\t\t\t<\/div>\n\t\t\t\t<\/div>\n\t\t<div class=\"elementor-element elementor-element-7c87d453 e-con-full no-padding e-flex e-con e-parent\" data-id=\"7c87d453\" data-element_type=\"container\" data-e-type=\"container\">\n\t\t<div class=\"elementor-element elementor-element-52b55b60 e-con-full light padding e-flex e-con e-child\" data-id=\"52b55b60\" data-element_type=\"container\" data-e-type=\"container\" data-settings=\"{&quot;background_background&quot;:&quot;classic&quot;}\">\n\t\t\t\t<div class=\"elementor-element elementor-element-7a035ae7 elementor-widget elementor-widget-text-editor\" data-id=\"7a035ae7\" data-element_type=\"widget\" data-e-type=\"widget\" data-widget_type=\"text-editor.default\">\n\t\t\t\t<div class=\"elementor-widget-container\">\n\t\t\t\t\t\t\t\t\t<h2 style=\"text-align: center;\">Unsere Informationen<\/h2>\n<p style=\"text-align: center;\">T<strong>ychsen Architekten<\/strong> Nyb\u00f8lnorvej 10, 6310 Broager, D\u00e4nemark<\/p>\n<p style=\"text-align: center;\"><a href=\"tel:93206030\">(+45) 93 20 60 30<\/a><br \/><a href=\"mailto:et@arkitekttychsen.dk\">et@arkitekttychsen.dk<\/a><\/p>\n<p style=\"text-align: center;\">Registrierungsnummer des Unternehmens: 14536949<\/p>\n\t\t\t\t\t\t\t\t<\/div>\n\t\t\t\t<\/div>\n\t\t\t\t<\/div>\n\t\t<div class=\"elementor-element elementor-element-75fe58e6 e-con-full padding e-flex e-con e-child\" data-id=\"75fe58e6\" data-element_type=\"container\" data-e-type=\"container\">\n\t\t\t\t<div class=\"elementor-element elementor-element-1df0e9 elementor-widget elementor-widget-text-editor\" data-id=\"1df0e9\" data-element_type=\"widget\" data-e-type=\"widget\" data-widget_type=\"text-editor.default\">\n\t\t\t\t<div class=\"elementor-widget-container\">\n\t\t\t\t\t\t\t\t\t<h3>Schreiben Sie uns<\/h3>\n\t\t\t\t\t\t\t\t<\/div>\n\t\t\t\t<\/div>\n\t\t\t\t<div class=\"elementor-element elementor-element-336b5952 elementor-widget elementor-widget-shortcode\" data-id=\"336b5952\" data-element_type=\"widget\" data-e-type=\"widget\" data-widget_type=\"shortcode.default\">\n\t\t\t\t<div class=\"elementor-widget-container\">\n\t\t\t\t\t\t\t<div class=\"elementor-shortcode\"><form id=\"forminator-module-66\" class=\"forminator-custom-form forminator-custom-form-66\" method=\"post\" data-forminator-render=\"0\" data-uid=\"69f56fcd1f092\"><div role=\"alert\" aria-live=\"polite\" class=\"forminator-response-message forminator-error\" aria-hidden=\"true\"><\/div><\/form><\/div>\n\t\t\t\t\t\t<\/div>\n\t\t\t\t<\/div>\n\t\t\t\t<\/div>\n\t\t\t\t<\/div>\n\t\t<div class=\"elementor-element elementor-element-15e5e55 e-con-full no-padding e-flex e-con e-parent\" data-id=\"15e5e55\" data-element_type=\"container\" data-e-type=\"container\">\n\t\t\t\t<div class=\"elementor-element elementor-element-5d6bf736 elementor-widget elementor-widget-google_maps\" data-id=\"5d6bf736\" data-element_type=\"widget\" data-e-type=\"widget\" data-widget_type=\"google_maps.default\">\n\t\t\t\t<div class=\"elementor-widget-container\">\n\t\t\t\t\t\t\t<div class=\"elementor-custom-embed\">\n\t\t\t<iframe loading=\"lazy\"\n\t\t\t\t\tsrc=\"https:\/\/maps.google.com\/maps?q=Nyb%C3%B8lnorvej%2010%2C%206310%20Broager&#038;t=m&#038;z=10&#038;output=embed&#038;iwloc=near\"\n\t\t\t\t\ttitle=\"Nyb\u00f8lnorvej 10, 6310 Broager\"\n\t\t\t\t\taria-label=\"Nyb\u00f8lnorvej 10, 6310 Broager\"\n\t\t\t><\/iframe>\n\t\t<\/div>\n\t\t\t\t\t\t<\/div>\n\t\t\t\t<\/div>\n\t\t\t\t<\/div>\n\t\t\t\t<\/div>\n\t\t","protected":false},"excerpt":{"rendered":"<p>Haben Sie Fragen oder Anmerkungen? Nehmen Sie noch heute Kontakt mit uns auf und erfahren Sie mehr dar\u00fcber, was wir f\u00fcr Sie tun k\u00f6nnen.<\/p>\n","protected":false},"author":1,"featured_media":0,"parent":0,"menu_order":0,"comment_status":"closed","ping_status":"closed","template":"","meta":{"_acf_changed":false,"footnotes":""},"categories":[],"class_list":["post-8994","page","type-page","status-publish"],"acf":[],"yoast_head":"<!-- This site is optimized with the Yoast SEO plugin v27.5 - https:\/\/yoast.com\/product\/yoast-seo-wordpress\/ -->\n<title>Kontaktieren Sie uns | Arkitektfirmaet Tychsen<\/title>\n<meta name=\"robots\" content=\"index, follow, max-snippet:-1, max-image-preview:large, max-video-preview:-1\" \/>\n<link rel=\"canonical\" href=\"https:\/\/arkitekttychsen.dk\/de\/kontaktieren-sie-uns\/\" \/>\n<meta property=\"og:locale\" content=\"de_DE\" \/>\n<meta property=\"og:type\" content=\"article\" \/>\n<meta property=\"og:title\" content=\"Kontaktieren Sie uns | Arkitektfirmaet Tychsen\" \/>\n<meta property=\"og:description\" content=\"Haben Sie Fragen oder Anmerkungen? Nehmen Sie noch heute Kontakt mit uns auf und erfahren Sie mehr dar\u00fcber, was wir f\u00fcr Sie tun k\u00f6nnen.\" \/>\n<meta property=\"og:url\" content=\"https:\/\/arkitekttychsen.dk\/de\/kontaktieren-sie-uns\/\" \/>\n<meta property=\"og:site_name\" content=\"Arkitektfirmaet Tychsen\" \/>\n<meta property=\"article:modified_time\" content=\"2025-02-11T11:58:33+00:00\" \/>\n<meta name=\"twitter:card\" content=\"summary_large_image\" \/>\n<script type=\"application\/ld+json\" class=\"yoast-schema-graph\">{\"@context\":\"https:\\\/\\\/schema.org\",\"@graph\":[{\"@type\":\"WebPage\",\"@id\":\"https:\\\/\\\/arkitekttychsen.dk\\\/de\\\/kontaktieren-sie-uns\\\/\",\"url\":\"https:\\\/\\\/arkitekttychsen.dk\\\/de\\\/kontaktieren-sie-uns\\\/\",\"name\":\"Kontaktieren Sie uns | Arkitektfirmaet Tychsen\",\"isPartOf\":{\"@id\":\"https:\\\/\\\/arkitekttychsen.dk\\\/#website\"},\"datePublished\":\"2020-02-12T12:11:38+00:00\",\"dateModified\":\"2025-02-11T11:58:33+00:00\",\"breadcrumb\":{\"@id\":\"https:\\\/\\\/arkitekttychsen.dk\\\/de\\\/kontaktieren-sie-uns\\\/#breadcrumb\"},\"inLanguage\":\"de\",\"potentialAction\":[{\"@type\":\"ReadAction\",\"target\":[\"https:\\\/\\\/arkitekttychsen.dk\\\/de\\\/kontaktieren-sie-uns\\\/\"]}]},{\"@type\":\"BreadcrumbList\",\"@id\":\"https:\\\/\\\/arkitekttychsen.dk\\\/de\\\/kontaktieren-sie-uns\\\/#breadcrumb\",\"itemListElement\":[{\"@type\":\"ListItem\",\"position\":1,\"name\":\"Forside\",\"item\":\"https:\\\/\\\/arkitekttychsen.dk\\\/de\\\/forside\\\/\"},{\"@type\":\"ListItem\",\"position\":2,\"name\":\"Kontaktieren Sie uns\"}]},{\"@type\":\"WebSite\",\"@id\":\"https:\\\/\\\/arkitekttychsen.dk\\\/#website\",\"url\":\"https:\\\/\\\/arkitekttychsen.dk\\\/\",\"name\":\"Arkitektfirmaet Tychsen\",\"description\":\"Energim\u00e6rkning, tilstandsrapport, byggesagkyndig og arkitekt i S\u00f8nderborg\",\"potentialAction\":[{\"@type\":\"SearchAction\",\"target\":{\"@type\":\"EntryPoint\",\"urlTemplate\":\"https:\\\/\\\/arkitekttychsen.dk\\\/?s={search_term_string}\"},\"query-input\":{\"@type\":\"PropertyValueSpecification\",\"valueRequired\":true,\"valueName\":\"search_term_string\"}}],\"inLanguage\":\"de\"}]}<\/script>\n<!-- \/ Yoast SEO plugin. -->","yoast_head_json":{"title":"Kontaktieren Sie uns | Arkitektfirmaet Tychsen","robots":{"index":"index","follow":"follow","max-snippet":"max-snippet:-1","max-image-preview":"max-image-preview:large","max-video-preview":"max-video-preview:-1"},"canonical":"https:\/\/arkitekttychsen.dk\/de\/kontaktieren-sie-uns\/","og_locale":"de_DE","og_type":"article","og_title":"Kontaktieren Sie uns | Arkitektfirmaet Tychsen","og_description":"Haben Sie Fragen oder Anmerkungen? Nehmen Sie noch heute Kontakt mit uns auf und erfahren Sie mehr dar\u00fcber, was wir f\u00fcr Sie tun k\u00f6nnen.","og_url":"https:\/\/arkitekttychsen.dk\/de\/kontaktieren-sie-uns\/","og_site_name":"Arkitektfirmaet Tychsen","article_modified_time":"2025-02-11T11:58:33+00:00","twitter_card":"summary_large_image","schema":{"@context":"https:\/\/schema.org","@graph":[{"@type":"WebPage","@id":"https:\/\/arkitekttychsen.dk\/de\/kontaktieren-sie-uns\/","url":"https:\/\/arkitekttychsen.dk\/de\/kontaktieren-sie-uns\/","name":"Kontaktieren Sie uns | Arkitektfirmaet Tychsen","isPartOf":{"@id":"https:\/\/arkitekttychsen.dk\/#website"},"datePublished":"2020-02-12T12:11:38+00:00","dateModified":"2025-02-11T11:58:33+00:00","breadcrumb":{"@id":"https:\/\/arkitekttychsen.dk\/de\/kontaktieren-sie-uns\/#breadcrumb"},"inLanguage":"de","potentialAction":[{"@type":"ReadAction","target":["https:\/\/arkitekttychsen.dk\/de\/kontaktieren-sie-uns\/"]}]},{"@type":"BreadcrumbList","@id":"https:\/\/arkitekttychsen.dk\/de\/kontaktieren-sie-uns\/#breadcrumb","itemListElement":[{"@type":"ListItem","position":1,"name":"Forside","item":"https:\/\/arkitekttychsen.dk\/de\/forside\/"},{"@type":"ListItem","position":2,"name":"Kontaktieren Sie uns"}]},{"@type":"WebSite","@id":"https:\/\/arkitekttychsen.dk\/#website","url":"https:\/\/arkitekttychsen.dk\/","name":"Arkitektfirmaet Tychsen","description":"Energim\u00e6rkning, tilstandsrapport, byggesagkyndig og arkitekt i S\u00f8nderborg","potentialAction":[{"@type":"SearchAction","target":{"@type":"EntryPoint","urlTemplate":"https:\/\/arkitekttychsen.dk\/?s={search_term_string}"},"query-input":{"@type":"PropertyValueSpecification","valueRequired":true,"valueName":"search_term_string"}}],"inLanguage":"de"}]}},"_links":{"self":[{"href":"https:\/\/arkitekttychsen.dk\/de\/wp-json\/wp\/v2\/pages\/8994","targetHints":{"allow":["GET"]}}],"collection":[{"href":"https:\/\/arkitekttychsen.dk\/de\/wp-json\/wp\/v2\/pages"}],"about":[{"href":"https:\/\/arkitekttychsen.dk\/de\/wp-json\/wp\/v2\/types\/page"}],"author":[{"embeddable":true,"href":"https:\/\/arkitekttychsen.dk\/de\/wp-json\/wp\/v2\/users\/1"}],"replies":[{"embeddable":true,"href":"https:\/\/arkitekttychsen.dk\/de\/wp-json\/wp\/v2\/comments?post=8994"}],"version-history":[{"count":1,"href":"https:\/\/arkitekttychsen.dk\/de\/wp-json\/wp\/v2\/pages\/8994\/revisions"}],"predecessor-version":[{"id":8995,"href":"https:\/\/arkitekttychsen.dk\/de\/wp-json\/wp\/v2\/pages\/8994\/revisions\/8995"}],"wp:attachment":[{"href":"https:\/\/arkitekttychsen.dk\/de\/wp-json\/wp\/v2\/media?parent=8994"}],"wp:term":[{"taxonomy":"category","embeddable":true,"href":"https:\/\/arkitekttychsen.dk\/de\/wp-json\/wp\/v2\/categories?post=8994"}],"curies":[{"name":"wp","href":"https:\/\/api.w.org\/{rel}","templated":true}]}}